{"id":1436,"date":"2024-01-26T03:56:24","date_gmt":"2024-01-26T03:56:24","guid":{"rendered":"https:\/\/goodheart.sva.la-studioweb.com\/?page_id=1436"},"modified":"2025-06-07T10:11:35","modified_gmt":"2025-06-07T08:11:35","slug":"a-propos","status":"publish","type":"page","link":"https:\/\/lebienadit.com\/en\/a-propos\/","title":{"rendered":"About us"},"content":{"rendered":"<div data-elementor-type=\"wp-page\" data-elementor-id=\"1436\" class=\"elementor elementor-1436\">\n\t\t\t\t<div class=\"elementor-element elementor-element-64def1e e-con-full e-flex lakit-col-width-auto-no e-container e-root-container elementor-top-section e-con e-parent\" data-id=\"64def1e\" data-element_type=\"container\" data-e-type=\"container\" data-settings=\"{&quot;background_background&quot;:&quot;classic&quot;}\">\n\t\t\t\t<div class=\"elementor-element elementor-element-92f8b0f elementor-widget elementor-widget-heading\" data-id=\"92f8b0f\" data-element_type=\"widget\" data-e-type=\"widget\" data-widget_type=\"heading.default\">\n\t\t\t\t<div class=\"elementor-widget-container\">\n\t\t\t\t\t<h2 class=\"elementor-heading-title elementor-size-default\">About us<\/h2>\t\t\t\t<\/div>\n\t\t\t\t<\/div>\n\t\t\t\t<div class=\"elementor-element elementor-element-6a452c4 elementor-widget-divider--view-line elementor-widget elementor-widget-divider\" data-id=\"6a452c4\" data-element_type=\"widget\" data-e-type=\"widget\" data-widget_type=\"divider.default\">\n\t\t\t\t<div class=\"elementor-widget-container\">\n\t\t\t\t\t\t\t<div class=\"elementor-divider\">\n\t\t\t<span class=\"elementor-divider-separator\">\n\t\t\t\t\t\t<\/span>\n\t\t<\/div>\n\t\t\t\t\t\t<\/div>\n\t\t\t\t<\/div>\n\t\t\t\t<\/div>\n\t\t<div class=\"elementor-element elementor-element-4a316c5 e-flex e-con-boxed lakit-col-width-auto-no e-container e-root-container elementor-top-section e-con e-parent\" data-id=\"4a316c5\" data-element_type=\"container\" data-e-type=\"container\" data-settings=\"{&quot;background_background&quot;:&quot;classic&quot;}\">\n\t\t\t\t\t<div class=\"e-con-inner\">\n\t\t<div class=\"elementor-element elementor-element-c207598 e-con-full e-flex lakit-col-width-auto-no e-container e-con e-child\" data-id=\"c207598\" data-element_type=\"container\" data-e-type=\"container\">\n\t\t<div class=\"elementor-element elementor-element-40d263b e-con-full e-flex lakit-col-width-auto-no e-container e-con e-child\" data-id=\"40d263b\" data-element_type=\"container\" data-e-type=\"container\" data-settings=\"{&quot;background_background&quot;:&quot;classic&quot;}\">\n\t\t<div class=\"elementor-element elementor-element-9e7661a e-con-full e-flex lakit-col-width-auto-no e-container e-con e-child\" data-id=\"9e7661a\" data-element_type=\"container\" data-e-type=\"container\">\n\t\t\t\t<div class=\"elementor-element elementor-element-a1530ea elementor-widget elementor-widget-heading\" data-id=\"a1530ea\" data-element_type=\"widget\" data-e-type=\"widget\" data-widget_type=\"heading.default\">\n\t\t\t\t<div class=\"elementor-widget-container\">\n\t\t\t\t\t<h3 class=\"elementor-heading-title elementor-size-default\">Together, let's break the taboos and promote resilience.<\/h3>\t\t\t\t<\/div>\n\t\t\t\t<\/div>\n\t\t\t\t<div class=\"elementor-element elementor-element-4f5d160 elementor-widget elementor-widget-text-editor\" data-id=\"4f5d160\" data-element_type=\"widget\" data-e-type=\"widget\" data-widget_type=\"text-editor.default\">\n\t\t\t\t<div class=\"elementor-widget-container\">\n\t\t\t\t\t\t\t\t\t<p class=\"\" data-start=\"214\" data-end=\"437\">Our association was born out of a deep-seated need: <strong data-start=\"262\" data-end=\"299\">providing guidance, information and support<\/strong> all those affected by <strong data-start=\"337\" data-end=\"354\">sickle cell disease<\/strong> as well as by <strong data-start=\"373\" data-end=\"398\">autoimmune diseases<\/strong>often misunderstood.<\/p><p class=\"\" data-start=\"439\" data-end=\"641\">We believe that illness should never isolate people. That's why we work every day to create an environment where people can live together in harmony. <strong data-start=\"551\" data-end=\"587\">a caring and inspiring space<\/strong>where everyone can feel listened to, understood and supported.<\/p>\t\t\t\t\t\t\t\t<\/div>\n\t\t\t\t<\/div>\n\t\t\t\t<\/div>\n\t\t\t\t<\/div>\n\t\t<div class=\"elementor-element elementor-element-bf8400c e-con-full e-flex lakit-col-width-auto-no e-container e-con e-child\" data-id=\"bf8400c\" data-element_type=\"container\" data-e-type=\"container\" data-settings=\"{&quot;background_background&quot;:&quot;classic&quot;}\">\n\t\t\t\t<\/div>\n\t\t\t\t<\/div>\n\t\t<div class=\"elementor-element elementor-element-1a283b9 e-con-full e-flex lakit-col-width-auto-no e-container e-con e-child\" data-id=\"1a283b9\" data-element_type=\"container\" data-e-type=\"container\" data-settings=\"{&quot;background_background&quot;:&quot;slideshow&quot;,&quot;background_slideshow_gallery&quot;:[],&quot;background_slideshow_loop&quot;:&quot;yes&quot;,&quot;background_slideshow_slide_duration&quot;:5000,&quot;background_slideshow_slide_transition&quot;:&quot;fade&quot;,&quot;background_slideshow_transition_duration&quot;:500}\">\n\t\t<div class=\"elementor-element elementor-element-b1ee7cf e-con-full e-flex lakit-col-width-auto-no e-container e-con e-child\" data-id=\"b1ee7cf\" data-element_type=\"container\" data-e-type=\"container\" data-settings=\"{&quot;background_background&quot;:&quot;classic&quot;}\">\n\t\t\t\t<\/div>\n\t\t<div class=\"elementor-element elementor-element-6c15a94 e-con-full e-flex lakit-col-width-auto-no e-container e-con e-child\" data-id=\"6c15a94\" data-element_type=\"container\" data-e-type=\"container\" data-settings=\"{&quot;background_background&quot;:&quot;classic&quot;}\">\n\t\t<div class=\"elementor-element elementor-element-0fe1670 e-con-full e-flex lakit-col-width-auto-no e-container e-con e-child\" data-id=\"0fe1670\" data-element_type=\"container\" data-e-type=\"container\">\n\t\t\t\t<div class=\"elementor-element elementor-element-82eae9c elementor-widget elementor-widget-heading\" data-id=\"82eae9c\" data-element_type=\"widget\" data-e-type=\"widget\" data-widget_type=\"heading.default\">\n\t\t\t\t<div class=\"elementor-widget-container\">\n\t\t\t\t\t<h3 class=\"elementor-heading-title elementor-size-default\">Our missions<\/h3>\t\t\t\t<\/div>\n\t\t\t\t<\/div>\n\t\t\t\t<div class=\"elementor-element elementor-element-ceb6ee8 elementor-widget elementor-widget-text-editor\" data-id=\"ceb6ee8\" data-element_type=\"widget\" data-e-type=\"widget\" data-widget_type=\"text-editor.default\">\n\t\t\t\t<div class=\"elementor-widget-container\">\n\t\t\t\t\t\t\t\t\t<ul><li class=\"\" data-start=\"666\" data-end=\"813\"><p class=\"\" data-start=\"668\" data-end=\"813\"><strong data-start=\"668\" data-end=\"683\">Support<\/strong> patients and their families through concrete actions, from moral support to referrals to healthcare professionals.<\/p><\/li><li class=\"\" data-start=\"814\" data-end=\"991\"><p class=\"\" data-start=\"816\" data-end=\"991\"><strong data-start=\"816\" data-end=\"828\">Information<\/strong> the general public about sickle cell anaemia and autoimmune diseases to combat prejudice, break taboos and promote greater social inclusion.<\/p><\/li><li class=\"\" data-start=\"992\" data-end=\"1133\"><p class=\"\" data-start=\"994\" data-end=\"1133\"><strong data-start=\"994\" data-end=\"1021\">Enhancing resilience<\/strong> by highlighting inspiring personal stories and courageous life stories.<\/p><\/li><\/ul>\t\t\t\t\t\t\t\t<\/div>\n\t\t\t\t<\/div>\n\t\t\t\t<\/div>\n\t\t\t\t<\/div>\n\t\t\t\t<\/div>\n\t\t<div class=\"elementor-element elementor-element-a558f7e e-con-full e-flex lakit-col-width-auto-no e-container e-con e-child\" data-id=\"a558f7e\" data-element_type=\"container\" data-e-type=\"container\">\n\t\t<div class=\"elementor-element elementor-element-f3c0501 e-con-full e-flex lakit-col-width-auto-no e-container e-con e-child\" data-id=\"f3c0501\" data-element_type=\"container\" data-e-type=\"container\" data-settings=\"{&quot;background_background&quot;:&quot;classic&quot;}\">\n\t\t<div class=\"elementor-element elementor-element-d8fd86c e-con-full e-flex lakit-col-width-auto-no e-container e-con e-child\" data-id=\"d8fd86c\" data-element_type=\"container\" data-e-type=\"container\">\n\t\t\t\t<div class=\"elementor-element elementor-element-dfac9de elementor-widget elementor-widget-heading\" data-id=\"dfac9de\" data-element_type=\"widget\" data-e-type=\"widget\" data-widget_type=\"heading.default\">\n\t\t\t\t<div class=\"elementor-widget-container\">\n\t\t\t\t\t<h3 class=\"elementor-heading-title elementor-size-default\">A community united by hope and solidarity<\/h3>\t\t\t\t<\/div>\n\t\t\t\t<\/div>\n\t\t\t\t<div class=\"elementor-element elementor-element-0692940 elementor-widget elementor-widget-text-editor\" data-id=\"0692940\" data-element_type=\"widget\" data-e-type=\"widget\" data-widget_type=\"text-editor.default\">\n\t\t\t\t<div class=\"elementor-widget-container\">\n\t\t\t\t\t\t\t\t\t<p class=\"\" data-start=\"1613\" data-end=\"1779\">We believe that <strong data-start=\"1630\" data-end=\"1655\">united we stand<\/strong>. Together, patients, relatives, healthcare professionals and volunteers, we are building a community of solidarity.<\/p><p class=\"\" data-start=\"1781\" data-end=\"1978\">Our objective is clear: <strong data-start=\"1808\" data-end=\"1830\">breaking isolation<\/strong>, <strong data-start=\"1832\" data-end=\"1848\">raise awareness<\/strong>and <strong data-start=\"1853\" data-end=\"1914\">offer everyone a space where they can express themselves freely<\/strong>to feel understood, and to find strength in the face of hardship.<\/p>\t\t\t\t\t\t\t\t<\/div>\n\t\t\t\t<\/div>\n\t\t\t\t<\/div>\n\t\t\t\t<\/div>\n\t\t<div class=\"elementor-element elementor-element-eae3541 e-con-full e-flex lakit-col-width-auto-no e-container e-con e-child\" data-id=\"eae3541\" data-element_type=\"container\" data-e-type=\"container\" data-settings=\"{&quot;background_background&quot;:&quot;classic&quot;}\">\n\t\t\t\t<\/div>\n\t\t\t\t<\/div>\n\t\t\t\t\t<\/div>\n\t\t\t\t<\/div>\n\t\t<div class=\"elementor-element elementor-element-094cde8 e-con-full e-flex lakit-col-width-auto-no e-container e-root-container elementor-top-section e-con e-parent\" data-id=\"094cde8\" data-element_type=\"container\" data-e-type=\"container\">\n\t\t\t\t<div class=\"elementor-element elementor-element-6dceea4 elementor-widget-mobile__width-initial elementor-widget elementor-widget-heading\" data-id=\"6dceea4\" data-element_type=\"widget\" data-e-type=\"widget\" data-widget_type=\"heading.default\">\n\t\t\t\t<div class=\"elementor-widget-container\">\n\t\t\t\t\t<h2 class=\"elementor-heading-title elementor-size-default\">What they say about us <\/h2>\t\t\t\t<\/div>\n\t\t\t\t<\/div>\n\t\t\t\t<div class=\"elementor-element elementor-element-1185d0e elementor-widget-divider--view-line elementor-widget elementor-widget-divider\" data-id=\"1185d0e\" data-element_type=\"widget\" data-e-type=\"widget\" data-widget_type=\"divider.default\">\n\t\t\t\t<div class=\"elementor-widget-container\">\n\t\t\t\t\t\t\t<div class=\"elementor-divider\">\n\t\t\t<span class=\"elementor-divider-separator\">\n\t\t\t\t\t\t<\/span>\n\t\t<\/div>\n\t\t\t\t\t\t<\/div>\n\t\t\t\t<\/div>\n\t\t\t\t<div class=\"elementor-element elementor-element-33ff3a0 lakit-carousel-equalheight lakit-arrow--showonhover-no lakit-dots--vertical-no elementor-widget lastudio-kit elementor-lakit-testimonials\" data-id=\"33ff3a0\" data-element_type=\"widget\" data-e-type=\"widget\" data-widget_type=\"lakit-testimonials.default\">\n\t\t\t\t\t\n<div id=\"tt_33ff3a0\" class=\"lakit-testimonials lakit-ttmna preset-type-12 pstype-12 lakit-carousel\" data-slider_options=\"{&quot;slidesToScroll&quot;:{&quot;desktop&quot;:&quot;1&quot;,&quot;mobile&quot;:&quot;1&quot;,&quot;laptop&quot;:&quot;1&quot;,&quot;tablet&quot;:&quot;1&quot;,&quot;mobile_extra&quot;:&quot;1&quot;},&quot;rows&quot;:{&quot;desktop&quot;:&quot;1&quot;,&quot;mobile&quot;:&quot;1&quot;,&quot;laptop&quot;:&quot;1&quot;,&quot;tablet&quot;:&quot;1&quot;,&quot;mobile_extra&quot;:&quot;1&quot;},&quot;autoplaySpeed&quot;:5000,&quot;autoplay&quot;:true,&quot;infinite&quot;:true,&quot;centerMode&quot;:false,&quot;pauseOnHover&quot;:false,&quot;pauseOnInteraction&quot;:false,&quot;reverseDirection&quot;:false,&quot;infiniteEffect&quot;:false,&quot;speed&quot;:500,&quot;arrows&quot;:false,&quot;dots&quot;:false,&quot;variableWidth&quot;:false,&quot;prevArrow&quot;:&quot;.lakit-carousel__prev-arrow-33ff3a0&quot;,&quot;nextArrow&quot;:&quot;.lakit-carousel__next-arrow-33ff3a0&quot;,&quot;dotsElm&quot;:&quot;.lakit-carousel__dots_33ff3a0&quot;,&quot;rtl&quot;:false,&quot;effect&quot;:&quot;slide&quot;,&quot;coverflowEffect&quot;:{&quot;rotate&quot;:null,&quot;stretch&quot;:null,&quot;depth&quot;:null,&quot;modifier&quot;:null,&quot;scale&quot;:null},&quot;creativeEffect&quot;:{&quot;translateX&quot;:100},&quot;dotType&quot;:&quot;bullets&quot;,&quot;direction&quot;:&quot;horizontal&quot;,&quot;uniqueID&quot;:&quot;lakit_carousel_33ff3a0&quot;,&quot;asFor&quot;:&quot;&quot;,&quot;thumbs&quot;:&quot;&quot;,&quot;autoHeight&quot;:true,&quot;scrollbar&quot;:{&quot;enabled&quot;:false,&quot;el&quot;:&quot;.lakit-carousel__scrollbar_33ff3a0&quot;},&quot;directionbkp&quot;:{&quot;desktop&quot;:&quot;horizontal&quot;,&quot;mobile&quot;:&quot;horizontal&quot;,&quot;laptop&quot;:&quot;horizontal&quot;,&quot;tablet&quot;:&quot;horizontal&quot;,&quot;mobile_extra&quot;:&quot;horizontal&quot;},&quot;slidesToShow&quot;:{&quot;desktop&quot;:3,&quot;mobile&quot;:&quot;1&quot;,&quot;tablet&quot;:&quot;2&quot;,&quot;laptop&quot;:3,&quot;mobile_extra&quot;:&quot;2&quot;}}\" dir=\"ltr\">\n    <div class=\"lakit-carousel-inner\">    <div class=\"lakit-testimonials__list_wrapper swiper-container\" id=\"lakit_carousel_33ff3a0\">\n        <div class=\"lakit-testimonials__list swiper-wrapper\" data-item_selector=\".lakit-testimonials__item\">\n            <div class=\"lakit-testimonials__item lakit-ttm__i  elementor-repeater-item-abcec3b swiper-slide\">\n    \t<div class=\"lakit-testimonials__item-inner lakit-ttm__inner\">\n        \t\t<div class=\"lakit-testimonials__content lakit-ttm__cont\"><div class=\"lakit-testimonials__comment lakit-ttm__com\"><div><p data-prosemirror-content-type=\"node\" data-prosemirror-node-name=\"paragraph\" data-prosemirror-node-block=\"true\" data-pm-slice=\"1 1 []\"><em data-prosemirror-content-type=\"mark\" data-prosemirror-mark-name=\"em\">\"Sickle cell anaemia is an invisible disease, but it makes me suffer every day. When the Le Bien a dit association gave me a well-being kit with food supplements, a heating blanket and suitable products, I was overwhelmed. It's rare to feel seen and supported. Thank you to them for thinking of us.<\/em><\/p><\/div><\/div><div class=\"lakit-testimonials__name lakit-ttm__n\"><span>Lydie, 19 - sickle cell patient, Marseille<\/span><\/div><div class=\"lakit-testimonials__rating\"><span class=\"star-rating\"><span style=\"width: 10%\"><\/span><\/span><\/div><\/div>\n\t<\/div>\n<\/div><div class=\"lakit-testimonials__item lakit-ttm__i  elementor-repeater-item-e3ed0e2 swiper-slide\">\n    \t<div class=\"lakit-testimonials__item-inner lakit-ttm__inner\">\n        \t\t<div class=\"lakit-testimonials__content lakit-ttm__cont\"><div class=\"lakit-testimonials__comment lakit-ttm__com\"><div><p data-prosemirror-content-type=\"node\" data-prosemirror-node-name=\"paragraph\" data-prosemirror-node-block=\"true\" data-pm-slice=\"1 1 []\"><em data-prosemirror-content-type=\"mark\" data-prosemirror-mark-name=\"em\">\"We often lack the resources to support sickle cell patients, especially young people from modest backgrounds. Donations from the Le Bien a dit association, particularly in the form of educational materials, healthcare products and food aid, have had a real impact on the quality of life of our patients. It's precious, humane and committed help.<\/em><\/p><\/div><\/div><div class=\"lakit-testimonials__name lakit-ttm__n\"><span>Dr. Antoine Dubreuil - haematologist at Necker Hospital, Paris<\/span><\/div><div class=\"lakit-testimonials__rating\"><span class=\"star-rating\"><span style=\"width: 10%\"><\/span><\/span><\/div><\/div>\n\t<\/div>\n<\/div><div class=\"lakit-testimonials__item lakit-ttm__i  elementor-repeater-item-3d36350 swiper-slide\">\n    \t<div class=\"lakit-testimonials__item-inner lakit-ttm__inner\">\n        \t\t<div class=\"lakit-testimonials__content lakit-ttm__cont\"><div class=\"lakit-testimonials__comment lakit-ttm__com\"><div><p data-prosemirror-content-type=\"node\" data-prosemirror-node-name=\"paragraph\" data-prosemirror-node-block=\"true\" data-pm-slice=\"1 1 []\"><em data-prosemirror-content-type=\"mark\" data-prosemirror-mark-name=\"em\">\"When you're young, ill and far from your family, you often feel alone. The Le Bien a dit charity reached out to me with a parcel of essential goods, and above all, with words of encouragement. It's not just supplies: it's a chain of solidarity that warms the heart.\"<\/em><\/p><\/div><\/div><div class=\"lakit-testimonials__name lakit-ttm__n\"><span>Mamadou, 23 - student in Lyon living with sickle cell disease<\/span><\/div><div class=\"lakit-testimonials__rating\"><span class=\"star-rating\"><span style=\"width: 100%\"><\/span><\/span><\/div><\/div>\n\t<\/div>\n<\/div><div class=\"lakit-testimonials__item lakit-ttm__i  elementor-repeater-item-0d0fd3a swiper-slide\">\n    \t<div class=\"lakit-testimonials__item-inner lakit-ttm__inner\">\n        \t\t<div class=\"lakit-testimonials__content lakit-ttm__cont\"><div class=\"lakit-testimonials__comment lakit-ttm__com\"><div><p data-prosemirror-content-type=\"node\" data-prosemirror-node-name=\"paragraph\" data-prosemirror-node-block=\"true\" data-pm-slice=\"1 1 []\"><em data-prosemirror-content-type=\"mark\" data-prosemirror-mark-name=\"em\">\"The children we look after live with chronic pain. Seeing their faces light up when the association came with games, books and gifts is priceless. This kind of initiative should exist everywhere. Thank you to Le Bien a dit for this breath of fresh air in our daily medical lives.\"<\/em><\/p><\/div><\/div><div class=\"lakit-testimonials__name lakit-ttm__n\"><span>Sophie, paediatric haematology nurse in Lille<\/span><\/div><div class=\"lakit-testimonials__rating\"><span class=\"star-rating\"><span style=\"width: 100%\"><\/span><\/span><\/div><\/div>\n\t<\/div>\n<\/div><div class=\"lakit-testimonials__item lakit-ttm__i  elementor-repeater-item-7cc0289 swiper-slide\">\n    \t<div class=\"lakit-testimonials__item-inner lakit-ttm__inner\">\n        \t\t<div class=\"lakit-testimonials__content lakit-ttm__cont\"><div class=\"lakit-testimonials__comment lakit-ttm__com\"><div><p data-prosemirror-content-type=\"node\" data-prosemirror-node-name=\"paragraph\" data-prosemirror-node-block=\"true\" data-pm-slice=\"1 1 []\"><em data-prosemirror-content-type=\"mark\" data-prosemirror-mark-name=\"em\">\"My daughter is hospitalised regularly because of her sickle-cell anaemia. As well as the pain, there's the stress and isolation. The help provided by the Le Bien a dit association has made a huge difference to us: meals offered, listening, help with transport... It's the little things that change everything. We're no longer alone in this fight.<\/em><\/p><\/div><\/div><div class=\"lakit-testimonials__name lakit-ttm__n\"><span>Serge, father of L\u00e9a, aged 7 - Paris<\/span><\/div><div class=\"lakit-testimonials__rating\"><span class=\"star-rating\"><span style=\"width: 100%\"><\/span><\/span><\/div><\/div>\n\t<\/div>\n<\/div>        <\/div>\n    <\/div>\n    <\/div><\/div>\t\t\t\t<\/div>\n\t\t\t\t<\/div>\n\t\t<div class=\"elementor-element elementor-element-5c28ffa e-flex e-con-boxed lakit-col-width-auto-no e-container e-root-container elementor-top-section e-con e-parent\" data-id=\"5c28ffa\" data-element_type=\"container\" data-e-type=\"container\" data-settings=\"{&quot;background_background&quot;:&quot;classic&quot;}\">\n\t\t\t\t\t<div class=\"e-con-inner\">\n\t\t\t\t<div class=\"elementor-element elementor-element-0f73195 elementor-widget elementor-widget-heading\" data-id=\"0f73195\" data-element_type=\"widget\" data-e-type=\"widget\" data-widget_type=\"heading.default\">\n\t\t\t\t<div class=\"elementor-widget-container\">\n\t\t\t\t\t<div class=\"elementor-heading-title elementor-size-default\">1TP5WE NEED YOU<\/div>\t\t\t\t<\/div>\n\t\t\t\t<\/div>\n\t\t\t\t<div class=\"elementor-element elementor-element-10f9288 elementor-widget__width-initial elementor-widget-tablet__width-initial elementor-widget elementor-widget-heading\" data-id=\"10f9288\" data-element_type=\"widget\" data-e-type=\"widget\" data-widget_type=\"heading.default\">\n\t\t\t\t<div class=\"elementor-widget-container\">\n\t\t\t\t\t<h1 class=\"elementor-heading-title elementor-size-default\">Join this adventure and put a smile on your face!<\/h1>\t\t\t\t<\/div>\n\t\t\t\t<\/div>\n\t\t\t\t<div class=\"elementor-element elementor-element-d4cfd09 elementor-widget lastudio-kit elementor-lakit-button\" data-id=\"d4cfd09\" data-element_type=\"widget\" data-e-type=\"widget\" data-widget_type=\"lakit-button.default\">\n\t\t\t\t\t        <a href=\"https:\/\/lebienadit.com\/en\/formulaire-dinscription-pour-les-benevoles\/\" rel=\"nofollow\" class=\"elementor-button-link elementor-button elementor-btn-align-icon- elementor-size-lg elementor-animation-wobble-skew\" role=\"button\">\n                    <span class=\"elementor-button-content-wrapper\">\n\t\t\t\t\t\t<span class=\"elementor-button-text\">Volunteer<\/span>\n\t\t<\/span>\n                <\/a>\n        \t\t\t\t<\/div>\n\t\t\t\t\t<\/div>\n\t\t\t\t<\/div>\n\t\t\t\t<\/div>","protected":false},"excerpt":{"rendered":"<p>A propos de nous Ensemble, brisons les tabous, valorisons la r\u00e9silience. Notre association est n\u00e9e d\u2019un besoin profond : accompagner, informer et soutenir toutes les personnes touch\u00e9es par la dr\u00e9panocytose ainsi que par les maladies auto-immunes, souvent m\u00e9connues et mal comprises. Nous sommes convaincus que la maladie ne doit jamais isoler.&hellip;<\/p>","protected":false},"author":1,"featured_media":0,"parent":0,"menu_order":0,"comment_status":"closed","ping_status":"closed","template":"","meta":{"give_campaign_id":0,"footnotes":""},"class_list":["post-1436","page","type-page","status-publish","hentry"],"campaignId":"","_links":{"self":[{"href":"https:\/\/lebienadit.com\/en\/wp-json\/wp\/v2\/pages\/1436","targetHints":{"allow":["GET"]}}],"collection":[{"href":"https:\/\/lebienadit.com\/en\/wp-json\/wp\/v2\/pages"}],"about":[{"href":"https:\/\/lebienadit.com\/en\/wp-json\/wp\/v2\/types\/page"}],"author":[{"embeddable":true,"href":"https:\/\/lebienadit.com\/en\/wp-json\/wp\/v2\/users\/1"}],"replies":[{"embeddable":true,"href":"https:\/\/lebienadit.com\/en\/wp-json\/wp\/v2\/comments?post=1436"}],"version-history":[{"count":80,"href":"https:\/\/lebienadit.com\/en\/wp-json\/wp\/v2\/pages\/1436\/revisions"}],"predecessor-version":[{"id":4320,"href":"https:\/\/lebienadit.com\/en\/wp-json\/wp\/v2\/pages\/1436\/revisions\/4320"}],"wp:attachment":[{"href":"https:\/\/lebienadit.com\/en\/wp-json\/wp\/v2\/media?parent=1436"}],"curies":[{"name":"wp","href":"https:\/\/api.w.org\/{rel}","templated":true}]}}