{"id":3864,"date":"2025-04-26T19:11:58","date_gmt":"2025-04-26T17:11:58","guid":{"rendered":"https:\/\/lebienadit.com\/?page_id=3864"},"modified":"2025-04-27T18:45:23","modified_gmt":"2025-04-27T16:45:23","slug":"formulaire-dinscription-pour-les-benevoles","status":"publish","type":"page","link":"https:\/\/lebienadit.com\/en\/formulaire-dinscription-pour-les-benevoles\/","title":{"rendered":"Formulaire d\u2019inscription pour les b\u00e9n\u00e9voles"},"content":{"rendered":"<div data-elementor-type=\"wp-page\" data-elementor-id=\"3864\" class=\"elementor elementor-3864\">\n\t\t\t\t<div class=\"elementor-element elementor-element-e36df7c e-con-full e-flex lakit-col-width-auto-no e-container e-con e-child\" data-id=\"e36df7c\" data-element_type=\"container\" data-e-type=\"container\">\n\t\t<div class=\"elementor-element elementor-element-8c863fa e-con-full elementor-hidden-tablet elementor-hidden-mobile_extra elementor-hidden-mobile e-flex lakit-col-width-auto-no e-container e-con e-child\" data-id=\"8c863fa\" data-element_type=\"container\" data-e-type=\"container\" data-settings=\"{&quot;background_background&quot;:&quot;classic&quot;}\">\n\t\t\t\t<\/div>\n\t\t<div class=\"elementor-element elementor-element-eda3107 e-con-full e-flex lakit-col-width-auto-no e-container e-con e-child\" data-id=\"eda3107\" data-element_type=\"container\" data-e-type=\"container\" data-settings=\"{&quot;background_background&quot;:&quot;classic&quot;}\">\n\t\t\t\t<div class=\"elementor-element elementor-element-6f2c71b elementor-widget elementor-widget-heading\" data-id=\"6f2c71b\" data-element_type=\"widget\" data-e-type=\"widget\" data-widget_type=\"heading.default\">\n\t\t\t\t<div class=\"elementor-widget-container\">\n\t\t\t\t\t<h2 class=\"elementor-heading-title elementor-size-default\">Volunteer registration form<\/h2>\t\t\t\t<\/div>\n\t\t\t\t<\/div>\n\t\t\t\t<div class=\"elementor-element elementor-element-e0e036c elementor-widget__width-inherit elementor-widget-laptop__width-initial elementor-widget elementor-widget-shortcode\" data-id=\"e0e036c\" data-element_type=\"widget\" data-e-type=\"widget\" data-widget_type=\"shortcode.default\">\n\t\t\t\t<div class=\"elementor-widget-container\">\n\t\t\t\t\t\t\t<div class=\"elementor-shortcode\">\n<div class=\"um um-register um-3877\">\n\t<div class=\"um-form\" data-mode=\"register\">\n\t\t<form method=\"post\" action=\"\" data-trp-original-action=\"\">\n\t\t\t<div class=\"um-row _um_row_1  um-customized-row\" style=\"padding: 0px 0px 0px 0px;margin: 0px 0px 30px 0px;border-width: 0px 0px 0px 0px;border-style: solid;border-color: #bf0017;border-radius: 0px;color: #000000 !important;\"><div class=\"um-col-1\"><div  id=\"um_field_3877_first_name\" class=\"um-field um-field-text  um-field-first_name um-field-text um-field-type_text\" data-key=\"first_name\"><div class=\"um-field-label\"><label for=\"first_name-3877\">Nom<span class=\"um-req\" title=\"Required\">*<\/span><\/label><div class=\"um-clear\"><\/div><\/div><div class=\"um-field-area\"><input  autocomplete=\"off\" class=\"um-form-field valid\" type=\"text\" name=\"first_name-3877\" id=\"first_name-3877\" value=\"\" placeholder=\"\" data-validate=\"alphabetic\" data-key=\"first_name\"  aria-invalid=\"false\" \/>\n\n\t\t\t\t\t\t<\/div><\/div><div  id=\"um_field_3877_last_name\" class=\"um-field um-field-text  um-field-last_name um-field-text um-field-type_text\" data-key=\"last_name\"><div class=\"um-field-label\"><label for=\"last_name-3877\">Pr\u00e9nom<span class=\"um-req\" title=\"Required\">*<\/span><\/label><div class=\"um-clear\"><\/div><\/div><div class=\"um-field-area\"><input  autocomplete=\"off\" class=\"um-form-field valid\" type=\"text\" name=\"last_name-3877\" id=\"last_name-3877\" value=\"\" placeholder=\"\" data-validate=\"alphabetic\" data-key=\"last_name\"  aria-invalid=\"false\" \/>\n\n\t\t\t\t\t\t<\/div><\/div><div  id=\"um_field_3877_age\" class=\"um-field um-field-number  um-field-age um-field-number um-field-type_number\" data-key=\"age\"><div class=\"um-field-label\"><label for=\"age-3877\">Age<span class=\"um-req\" title=\"Required\">*<\/span><\/label><div class=\"um-clear\"><\/div><\/div><div class=\"um-field-area\"><input  class=\"um-form-field valid\" type=\"number\" name=\"age-3877\" id=\"age-3877\" value=\"\" placeholder=\"\" data-validate=\"numeric\" data-key=\"age\"   aria-invalid=\"false\" \/>\n\n\t\t\t\t\t\t<\/div><\/div><div  id=\"um_field_3877_telephone\" class=\"um-field um-field-tel  um-field-telephone um-field-tel um-field-type_tel\" data-key=\"telephone\"><div class=\"um-field-label\"><label for=\"telephone-3877\">T\u00e9l\u00e9phone<span class=\"um-req\" title=\"Required\">*<\/span><\/label><div class=\"um-clear\"><\/div><\/div><div class=\"um-field-area\"><input  autocomplete=\"off\" class=\"um-form-field valid\" type=\"tel\" name=\"telephone-3877\" id=\"telephone-3877\" value=\"\" placeholder=\"\" data-validate=\"phone_number\" data-key=\"telephone\"  aria-invalid=\"false\" \/>\n\n\t\t\t\t\t\t<\/div><\/div><div  id=\"um_field_3877_user_email\" class=\"um-field um-field-text  um-field-user_email um-field-text um-field-type_text\" data-key=\"user_email\"><div class=\"um-field-label\"><label for=\"user_email-3877\">Mail<span class=\"um-req\" title=\"Required\">*<\/span><\/label><div class=\"um-clear\"><\/div><\/div><div class=\"um-field-area\"><input  autocomplete=\"off\" class=\"um-form-field valid\" type=\"text\" name=\"user_email-3877\" id=\"user_email-3877\" value=\"\" placeholder=\"\" data-validate=\"unique_email\" data-key=\"user_email\"  aria-invalid=\"false\" \/>\n\n\t\t\t\t\t\t<\/div><\/div><div  id=\"um_field_3877_etre_deja_benevole_dans_une_association\" class=\"um-field um-field-radio  um-field-etre_deja_benevole_dans_une_association um-field-radio um-field-type_radio\" data-key=\"etre_deja_benevole_dans_une_association\"  aria-invalid=\"false\" ><div class=\"um-field-label\"><label for=\"etre_deja_benevole_dans_une_association-3877\">Avez-vous d\u00e9j\u00e0 \u00e9t\u00e9 b\u00e9n\u00e9vole dans une association?<span class=\"um-req\" title=\"Required\">*<\/span><\/label><div class=\"um-clear\"><\/div><\/div><div class=\"um-field-area\"><label class=\"um-field-radio  um-field-half\"><input  type=\"radio\" name=\"etre_deja_benevole_dans_une_association[]\" value=\"Oui\"  \/><span class=\"um-field-radio-state\"><i class=\"um-icon-android-radio-button-off\"><\/i><\/span><span class=\"um-field-radio-option\">Oui<\/span><\/label><label class=\"um-field-radio  um-field-half  right\"><input  type=\"radio\" name=\"etre_deja_benevole_dans_une_association[]\" value=\"Non\"  \/><span class=\"um-field-radio-state\"><i class=\"um-icon-android-radio-button-off\"><\/i><\/span><span class=\"um-field-radio-option\">Non<\/span><\/label><div class=\"um-clear\"><\/div><div class=\"um-clear\"><\/div><\/div><\/div><div  id=\"um_field_3877_pourquoi_nous_rejoindre\" class=\"um-field um-field-textarea  um-field-pourquoi_nous_rejoindre um-field-textarea um-field-type_textarea\" data-key=\"pourquoi_nous_rejoindre\"><div class=\"um-field-label\"><label for=\"pourquoi_nous_rejoindre-3877\">Pourquoi souhaitez-vous nous rejoindre?<span class=\"um-req\" title=\"Required\">*<\/span><\/label><div class=\"um-clear\"><\/div><\/div><div class=\"um-field-area\"><textarea    style=\"height: 100px;\" class=\"um-form-field valid\" name=\"pourquoi_nous_rejoindre\" id=\"pourquoi_nous_rejoindre\" placeholder=\"\"  aria-invalid=\"false\" ><\/textarea><\/div><\/div><div  id=\"um_field_3877_vous_apportez_quoi\" class=\"um-field um-field-textarea  um-field-vous_apportez_quoi um-field-textarea um-field-type_textarea\" data-key=\"vous_apportez_quoi\"><div class=\"um-field-label\"><label for=\"vous_apportez_quoi-3877\">Que pensez-vous apporter \u00e0 l&#039;association?<span class=\"um-req\" title=\"Required\">*<\/span><\/label><div class=\"um-clear\"><\/div><\/div><div class=\"um-field-area\"><textarea    style=\"height: 100px;\" class=\"um-form-field valid\" name=\"vous_apportez_quoi\" id=\"vous_apportez_quoi\" placeholder=\"\"  aria-invalid=\"false\" ><\/textarea><\/div><\/div><\/div><\/div>\t<input type=\"hidden\" name=\"form_id\" id=\"form_id_3877\" value=\"3877\" \/>\n\t\t<p class=\"um_request_name\">\n\t\t<label for=\"um_request_3877\">Only fill in if you are not human<\/label>\n\t\t<input type=\"hidden\" name=\"um_request\" id=\"um_request_3877\" class=\"input\" value=\"\" size=\"25\" autocomplete=\"off\" \/>\n\t<\/p>\n\t<input type=\"hidden\" id=\"_wpnonce\" name=\"_wpnonce\" value=\"f40d86c126\" \/><input type=\"hidden\" name=\"_wp_http_referer\" value=\"\/en\/wp-json\/wp\/v2\/pages\/3864\" \/>\n\t<div class=\"um-col-alt\">\n\n\t\t\n\t\t\t<div class=\"um-center\">\n\t\t\t\t<input type=\"submit\" value=\"S&#039;inscrire\" class=\"um-button\" id=\"um-submit-btn\" \/>\n\t\t\t<\/div>\n\n\t\t\n\t\t<div class=\"um-clear\"><\/div>\n\n\t<\/div>\n\n\t\t\t<input type=\"hidden\" name=\"trp-form-language\" value=\"en\"\/><\/form>\n\t<\/div>\n<\/div>\n<style>\n\t\t\t.um-3877.um {\n\t\t\tmax-width: 800px;\n\t\t}\n\t\t<\/style>\n<\/div>\n\t\t\t\t\t\t<\/div>\n\t\t\t\t<\/div>\n\t\t\t\t<\/div>\n\t\t\t\t<\/div>\n\t\t\t\t<\/div>","protected":false},"excerpt":{"rendered":"<p>Formulaire d&#8217;inscription des b\u00e9n\u00e9voles<\/p>","protected":false},"author":1,"featured_media":0,"parent":0,"menu_order":0,"comment_status":"closed","ping_status":"closed","template":"templates\/fullwidth.php","meta":{"give_campaign_id":0,"footnotes":""},"class_list":["post-3864","page","type-page","status-publish","hentry"],"campaignId":"","_links":{"self":[{"href":"https:\/\/lebienadit.com\/en\/wp-json\/wp\/v2\/pages\/3864","targetHints":{"allow":["GET"]}}],"collection":[{"href":"https:\/\/lebienadit.com\/en\/wp-json\/wp\/v2\/pages"}],"about":[{"href":"https:\/\/lebienadit.com\/en\/wp-json\/wp\/v2\/types\/page"}],"author":[{"embeddable":true,"href":"https:\/\/lebienadit.com\/en\/wp-json\/wp\/v2\/users\/1"}],"replies":[{"embeddable":true,"href":"https:\/\/lebienadit.com\/en\/wp-json\/wp\/v2\/comments?post=3864"}],"version-history":[{"count":62,"href":"https:\/\/lebienadit.com\/en\/wp-json\/wp\/v2\/pages\/3864\/revisions"}],"predecessor-version":[{"id":3985,"href":"https:\/\/lebienadit.com\/en\/wp-json\/wp\/v2\/pages\/3864\/revisions\/3985"}],"wp:attachment":[{"href":"https:\/\/lebienadit.com\/en\/wp-json\/wp\/v2\/media?parent=3864"}],"curies":[{"name":"wp","href":"https:\/\/api.w.org\/{rel}","templated":true}]}}