{"id":1436,"date":"2024-01-26T03:56:24","date_gmt":"2024-01-26T03:56:24","guid":{"rendered":"https:\/\/goodheart.sva.la-studioweb.com\/?page_id=1436"},"modified":"2025-06-07T10:11:35","modified_gmt":"2025-06-07T08:11:35","slug":"a-propos","status":"publish","type":"page","link":"https:\/\/lebienadit.com\/es\/a-propos\/","title":{"rendered":"Qui\u00e9nes somos"},"content":{"rendered":"<div data-elementor-type=\"wp-page\" data-elementor-id=\"1436\" class=\"elementor elementor-1436\">\n\t\t\t\t<div class=\"elementor-element elementor-element-64def1e e-con-full e-flex lakit-col-width-auto-no e-container e-root-container elementor-top-section e-con e-parent\" data-id=\"64def1e\" data-element_type=\"container\" data-e-type=\"container\" data-settings=\"{&quot;background_background&quot;:&quot;classic&quot;}\">\n\t\t\t\t<div class=\"elementor-element elementor-element-92f8b0f elementor-widget elementor-widget-heading\" data-id=\"92f8b0f\" data-element_type=\"widget\" data-e-type=\"widget\" data-widget_type=\"heading.default\">\n\t\t\t\t<div class=\"elementor-widget-container\">\n\t\t\t\t\t<h2 class=\"elementor-heading-title elementor-size-default\">Qui\u00e9nes somos<\/h2>\t\t\t\t<\/div>\n\t\t\t\t<\/div>\n\t\t\t\t<div class=\"elementor-element elementor-element-6a452c4 elementor-widget-divider--view-line elementor-widget elementor-widget-divider\" data-id=\"6a452c4\" data-element_type=\"widget\" data-e-type=\"widget\" data-widget_type=\"divider.default\">\n\t\t\t\t<div class=\"elementor-widget-container\">\n\t\t\t\t\t\t\t<div class=\"elementor-divider\">\n\t\t\t<span class=\"elementor-divider-separator\">\n\t\t\t\t\t\t<\/span>\n\t\t<\/div>\n\t\t\t\t\t\t<\/div>\n\t\t\t\t<\/div>\n\t\t\t\t<\/div>\n\t\t<div class=\"elementor-element elementor-element-4a316c5 e-flex e-con-boxed lakit-col-width-auto-no e-container e-root-container elementor-top-section e-con e-parent\" data-id=\"4a316c5\" data-element_type=\"container\" data-e-type=\"container\" data-settings=\"{&quot;background_background&quot;:&quot;classic&quot;}\">\n\t\t\t\t\t<div class=\"e-con-inner\">\n\t\t<div class=\"elementor-element elementor-element-c207598 e-con-full e-flex lakit-col-width-auto-no e-container e-con e-child\" data-id=\"c207598\" data-element_type=\"container\" data-e-type=\"container\">\n\t\t<div class=\"elementor-element elementor-element-40d263b e-con-full e-flex lakit-col-width-auto-no e-container e-con e-child\" data-id=\"40d263b\" data-element_type=\"container\" data-e-type=\"container\" data-settings=\"{&quot;background_background&quot;:&quot;classic&quot;}\">\n\t\t<div class=\"elementor-element elementor-element-9e7661a e-con-full e-flex lakit-col-width-auto-no e-container e-con e-child\" data-id=\"9e7661a\" data-element_type=\"container\" data-e-type=\"container\">\n\t\t\t\t<div class=\"elementor-element elementor-element-a1530ea elementor-widget elementor-widget-heading\" data-id=\"a1530ea\" data-element_type=\"widget\" data-e-type=\"widget\" data-widget_type=\"heading.default\">\n\t\t\t\t<div class=\"elementor-widget-container\">\n\t\t\t\t\t<h3 class=\"elementor-heading-title elementor-size-default\">Juntos, rompamos los tab\u00faes y fomentemos la resiliencia.<\/h3>\t\t\t\t<\/div>\n\t\t\t\t<\/div>\n\t\t\t\t<div class=\"elementor-element elementor-element-4f5d160 elementor-widget elementor-widget-text-editor\" data-id=\"4f5d160\" data-element_type=\"widget\" data-e-type=\"widget\" data-widget_type=\"text-editor.default\">\n\t\t\t\t<div class=\"elementor-widget-container\">\n\t\t\t\t\t\t\t\t\t<p class=\"\" data-start=\"214\" data-end=\"437\">Nuestra asociaci\u00f3n naci\u00f3 de una necesidad muy arraigada: <strong data-start=\"262\" data-end=\"299\">proporcionar orientaci\u00f3n, informaci\u00f3n y apoyo<\/strong> todos los afectados por <strong data-start=\"337\" data-end=\"354\">anemia drepanoc\u00edtica<\/strong> as\u00ed como por <strong data-start=\"373\" data-end=\"398\">enfermedades autoinmunes<\/strong>a menudo se malinterpreta.<\/p><p class=\"\" data-start=\"439\" data-end=\"641\">Creemos que la enfermedad nunca debe aislar a las personas. Por eso trabajamos cada d\u00eda para crear un entorno en el que las personas puedan convivir en armon\u00eda. <strong data-start=\"551\" data-end=\"587\">un espacio cuidado e inspirador<\/strong>donde todos puedan sentirse escuchados, comprendidos y apoyados.<\/p>\t\t\t\t\t\t\t\t<\/div>\n\t\t\t\t<\/div>\n\t\t\t\t<\/div>\n\t\t\t\t<\/div>\n\t\t<div class=\"elementor-element elementor-element-bf8400c e-con-full e-flex lakit-col-width-auto-no e-container e-con e-child\" data-id=\"bf8400c\" data-element_type=\"container\" data-e-type=\"container\" data-settings=\"{&quot;background_background&quot;:&quot;classic&quot;}\">\n\t\t\t\t<\/div>\n\t\t\t\t<\/div>\n\t\t<div class=\"elementor-element elementor-element-1a283b9 e-con-full e-flex lakit-col-width-auto-no e-container e-con e-child\" data-id=\"1a283b9\" data-element_type=\"container\" data-e-type=\"container\" data-settings=\"{&quot;background_background&quot;:&quot;slideshow&quot;,&quot;background_slideshow_gallery&quot;:[],&quot;background_slideshow_loop&quot;:&quot;yes&quot;,&quot;background_slideshow_slide_duration&quot;:5000,&quot;background_slideshow_slide_transition&quot;:&quot;fade&quot;,&quot;background_slideshow_transition_duration&quot;:500}\">\n\t\t<div class=\"elementor-element elementor-element-b1ee7cf e-con-full e-flex lakit-col-width-auto-no e-container e-con e-child\" data-id=\"b1ee7cf\" data-element_type=\"container\" data-e-type=\"container\" data-settings=\"{&quot;background_background&quot;:&quot;classic&quot;}\">\n\t\t\t\t<\/div>\n\t\t<div class=\"elementor-element elementor-element-6c15a94 e-con-full e-flex lakit-col-width-auto-no e-container e-con e-child\" data-id=\"6c15a94\" data-element_type=\"container\" data-e-type=\"container\" data-settings=\"{&quot;background_background&quot;:&quot;classic&quot;}\">\n\t\t<div class=\"elementor-element elementor-element-0fe1670 e-con-full e-flex lakit-col-width-auto-no e-container e-con e-child\" data-id=\"0fe1670\" data-element_type=\"container\" data-e-type=\"container\">\n\t\t\t\t<div class=\"elementor-element elementor-element-82eae9c elementor-widget elementor-widget-heading\" data-id=\"82eae9c\" data-element_type=\"widget\" data-e-type=\"widget\" data-widget_type=\"heading.default\">\n\t\t\t\t<div class=\"elementor-widget-container\">\n\t\t\t\t\t<h3 class=\"elementor-heading-title elementor-size-default\">Nuestras misiones<\/h3>\t\t\t\t<\/div>\n\t\t\t\t<\/div>\n\t\t\t\t<div class=\"elementor-element elementor-element-ceb6ee8 elementor-widget elementor-widget-text-editor\" data-id=\"ceb6ee8\" data-element_type=\"widget\" data-e-type=\"widget\" data-widget_type=\"text-editor.default\">\n\t\t\t\t<div class=\"elementor-widget-container\">\n\t\t\t\t\t\t\t\t\t<ul><li class=\"\" data-start=\"666\" data-end=\"813\"><p class=\"\" data-start=\"668\" data-end=\"813\"><strong data-start=\"668\" data-end=\"683\">Ayuda<\/strong> pacientes y sus familias mediante acciones concretas, desde el apoyo moral hasta la derivaci\u00f3n a profesionales sanitarios.<\/p><\/li><li class=\"\" data-start=\"814\" data-end=\"991\"><p class=\"\" data-start=\"816\" data-end=\"991\"><strong data-start=\"816\" data-end=\"828\">Informaci\u00f3n<\/strong> al p\u00fablico en general sobre la anemia falciforme y las enfermedades autoinmunes para luchar contra los prejuicios, romper tab\u00faes y promover una mayor inclusi\u00f3n social.<\/p><\/li><li class=\"\" data-start=\"992\" data-end=\"1133\"><p class=\"\" data-start=\"994\" data-end=\"1133\"><strong data-start=\"994\" data-end=\"1021\">Aumentar la resistencia<\/strong> destacando historias personales inspiradoras e historias de vida valientes.<\/p><\/li><\/ul>\t\t\t\t\t\t\t\t<\/div>\n\t\t\t\t<\/div>\n\t\t\t\t<\/div>\n\t\t\t\t<\/div>\n\t\t\t\t<\/div>\n\t\t<div class=\"elementor-element elementor-element-a558f7e e-con-full e-flex lakit-col-width-auto-no e-container e-con e-child\" data-id=\"a558f7e\" data-element_type=\"container\" data-e-type=\"container\">\n\t\t<div class=\"elementor-element elementor-element-f3c0501 e-con-full e-flex lakit-col-width-auto-no e-container e-con e-child\" data-id=\"f3c0501\" data-element_type=\"container\" data-e-type=\"container\" data-settings=\"{&quot;background_background&quot;:&quot;classic&quot;}\">\n\t\t<div class=\"elementor-element elementor-element-d8fd86c e-con-full e-flex lakit-col-width-auto-no e-container e-con e-child\" data-id=\"d8fd86c\" data-element_type=\"container\" data-e-type=\"container\">\n\t\t\t\t<div class=\"elementor-element elementor-element-dfac9de elementor-widget elementor-widget-heading\" data-id=\"dfac9de\" data-element_type=\"widget\" data-e-type=\"widget\" data-widget_type=\"heading.default\">\n\t\t\t\t<div class=\"elementor-widget-container\">\n\t\t\t\t\t<h3 class=\"elementor-heading-title elementor-size-default\">Una comunidad unida por la esperanza y la solidaridad<\/h3>\t\t\t\t<\/div>\n\t\t\t\t<\/div>\n\t\t\t\t<div class=\"elementor-element elementor-element-0692940 elementor-widget elementor-widget-text-editor\" data-id=\"0692940\" data-element_type=\"widget\" data-e-type=\"widget\" data-widget_type=\"text-editor.default\">\n\t\t\t\t<div class=\"elementor-widget-container\">\n\t\t\t\t\t\t\t\t\t<p class=\"\" data-start=\"1613\" data-end=\"1779\">Creemos que <strong data-start=\"1630\" data-end=\"1655\">unidos resistiremos<\/strong>. Juntos, pacientes, familiares, profesionales sanitarios y voluntarios, estamos construyendo una comunidad solidaria.<\/p><p class=\"\" data-start=\"1781\" data-end=\"1978\">Nuestro objetivo es claro: <strong data-start=\"1808\" data-end=\"1830\">romper el aislamiento<\/strong>, <strong data-start=\"1832\" data-end=\"1848\">sensibilizar<\/strong>y <strong data-start=\"1853\" data-end=\"1914\">ofrecer a todos un espacio donde puedan expresarse libremente<\/strong>sentirse comprendido y encontrar fuerzas ante las dificultades.<\/p>\t\t\t\t\t\t\t\t<\/div>\n\t\t\t\t<\/div>\n\t\t\t\t<\/div>\n\t\t\t\t<\/div>\n\t\t<div class=\"elementor-element elementor-element-eae3541 e-con-full e-flex lakit-col-width-auto-no e-container e-con e-child\" data-id=\"eae3541\" data-element_type=\"container\" data-e-type=\"container\" data-settings=\"{&quot;background_background&quot;:&quot;classic&quot;}\">\n\t\t\t\t<\/div>\n\t\t\t\t<\/div>\n\t\t\t\t\t<\/div>\n\t\t\t\t<\/div>\n\t\t<div class=\"elementor-element elementor-element-094cde8 e-con-full e-flex lakit-col-width-auto-no e-container e-root-container elementor-top-section e-con e-parent\" data-id=\"094cde8\" data-element_type=\"container\" data-e-type=\"container\">\n\t\t\t\t<div class=\"elementor-element elementor-element-6dceea4 elementor-widget-mobile__width-initial elementor-widget elementor-widget-heading\" data-id=\"6dceea4\" data-element_type=\"widget\" data-e-type=\"widget\" data-widget_type=\"heading.default\">\n\t\t\t\t<div class=\"elementor-widget-container\">\n\t\t\t\t\t<h2 class=\"elementor-heading-title elementor-size-default\">Lo que dicen de nosotros <\/h2>\t\t\t\t<\/div>\n\t\t\t\t<\/div>\n\t\t\t\t<div class=\"elementor-element elementor-element-1185d0e elementor-widget-divider--view-line elementor-widget elementor-widget-divider\" data-id=\"1185d0e\" data-element_type=\"widget\" data-e-type=\"widget\" data-widget_type=\"divider.default\">\n\t\t\t\t<div class=\"elementor-widget-container\">\n\t\t\t\t\t\t\t<div class=\"elementor-divider\">\n\t\t\t<span class=\"elementor-divider-separator\">\n\t\t\t\t\t\t<\/span>\n\t\t<\/div>\n\t\t\t\t\t\t<\/div>\n\t\t\t\t<\/div>\n\t\t\t\t<div class=\"elementor-element elementor-element-33ff3a0 lakit-carousel-equalheight lakit-arrow--showonhover-no lakit-dots--vertical-no elementor-widget lastudio-kit elementor-lakit-testimonials\" data-id=\"33ff3a0\" data-element_type=\"widget\" data-e-type=\"widget\" data-widget_type=\"lakit-testimonials.default\">\n\t\t\t\t\t\n<div id=\"tt_33ff3a0\" class=\"lakit-testimonials lakit-ttmna preset-type-12 pstype-12 lakit-carousel\" data-slider_options=\"{&quot;slidesToScroll&quot;:{&quot;desktop&quot;:&quot;1&quot;,&quot;mobile&quot;:&quot;1&quot;,&quot;laptop&quot;:&quot;1&quot;,&quot;tablet&quot;:&quot;1&quot;,&quot;mobile_extra&quot;:&quot;1&quot;},&quot;rows&quot;:{&quot;desktop&quot;:&quot;1&quot;,&quot;mobile&quot;:&quot;1&quot;,&quot;laptop&quot;:&quot;1&quot;,&quot;tablet&quot;:&quot;1&quot;,&quot;mobile_extra&quot;:&quot;1&quot;},&quot;autoplaySpeed&quot;:5000,&quot;autoplay&quot;:true,&quot;infinite&quot;:true,&quot;centerMode&quot;:false,&quot;pauseOnHover&quot;:false,&quot;pauseOnInteraction&quot;:false,&quot;reverseDirection&quot;:false,&quot;infiniteEffect&quot;:false,&quot;speed&quot;:500,&quot;arrows&quot;:false,&quot;dots&quot;:false,&quot;variableWidth&quot;:false,&quot;prevArrow&quot;:&quot;.lakit-carousel__prev-arrow-33ff3a0&quot;,&quot;nextArrow&quot;:&quot;.lakit-carousel__next-arrow-33ff3a0&quot;,&quot;dotsElm&quot;:&quot;.lakit-carousel__dots_33ff3a0&quot;,&quot;rtl&quot;:false,&quot;effect&quot;:&quot;slide&quot;,&quot;coverflowEffect&quot;:{&quot;rotate&quot;:null,&quot;stretch&quot;:null,&quot;depth&quot;:null,&quot;modifier&quot;:null,&quot;scale&quot;:null},&quot;creativeEffect&quot;:{&quot;translateX&quot;:100},&quot;dotType&quot;:&quot;bullets&quot;,&quot;direction&quot;:&quot;horizontal&quot;,&quot;uniqueID&quot;:&quot;lakit_carousel_33ff3a0&quot;,&quot;asFor&quot;:&quot;&quot;,&quot;thumbs&quot;:&quot;&quot;,&quot;autoHeight&quot;:true,&quot;scrollbar&quot;:{&quot;enabled&quot;:false,&quot;el&quot;:&quot;.lakit-carousel__scrollbar_33ff3a0&quot;},&quot;directionbkp&quot;:{&quot;desktop&quot;:&quot;horizontal&quot;,&quot;mobile&quot;:&quot;horizontal&quot;,&quot;laptop&quot;:&quot;horizontal&quot;,&quot;tablet&quot;:&quot;horizontal&quot;,&quot;mobile_extra&quot;:&quot;horizontal&quot;},&quot;slidesToShow&quot;:{&quot;desktop&quot;:3,&quot;mobile&quot;:&quot;1&quot;,&quot;tablet&quot;:&quot;2&quot;,&quot;laptop&quot;:3,&quot;mobile_extra&quot;:&quot;2&quot;}}\" dir=\"ltr\">\n    <div class=\"lakit-carousel-inner\">    <div class=\"lakit-testimonials__list_wrapper swiper-container\" id=\"lakit_carousel_33ff3a0\">\n        <div class=\"lakit-testimonials__list swiper-wrapper\" data-item_selector=\".lakit-testimonials__item\">\n            <div class=\"lakit-testimonials__item lakit-ttm__i  elementor-repeater-item-abcec3b swiper-slide\">\n    \t<div class=\"lakit-testimonials__item-inner lakit-ttm__inner\">\n        \t\t<div class=\"lakit-testimonials__content lakit-ttm__cont\"><div class=\"lakit-testimonials__comment lakit-ttm__com\"><div><p data-prosemirror-content-type=\"node\" data-prosemirror-node-name=\"paragraph\" data-prosemirror-node-block=\"true\" data-pm-slice=\"1 1 []\"><em data-prosemirror-content-type=\"mark\" data-prosemirror-mark-name=\"em\">\"La anemia falciforme es una enfermedad invisible, pero me hace sufrir todos los d\u00edas. Cuando la asociaci\u00f3n Le Bien a dit me entreg\u00f3 un kit de bienestar con complementos alimenticios, una manta el\u00e9ctrica y productos adecuados, me sent\u00ed abrumada. Es raro sentirse visto y apoyado. Gracias a ellos por pensar en nosotros.<\/em><\/p><\/div><\/div><div class=\"lakit-testimonials__name lakit-ttm__n\"><span>Lydie, 19 a\u00f1os, enferma de drepanocitosis, Marsella<\/span><\/div><div class=\"lakit-testimonials__rating\"><span class=\"star-rating\"><span style=\"width: 10%\"><\/span><\/span><\/div><\/div>\n\t<\/div>\n<\/div><div class=\"lakit-testimonials__item lakit-ttm__i  elementor-repeater-item-e3ed0e2 swiper-slide\">\n    \t<div class=\"lakit-testimonials__item-inner lakit-ttm__inner\">\n        \t\t<div class=\"lakit-testimonials__content lakit-ttm__cont\"><div class=\"lakit-testimonials__comment lakit-ttm__com\"><div><p data-prosemirror-content-type=\"node\" data-prosemirror-node-name=\"paragraph\" data-prosemirror-node-block=\"true\" data-pm-slice=\"1 1 []\"><em data-prosemirror-content-type=\"mark\" data-prosemirror-mark-name=\"em\">\"A menudo carecemos de recursos para ayudar a los pacientes con anemia falciforme, especialmente a los j\u00f3venes de origen modesto. Las donaciones de la asociaci\u00f3n Le Bien a dit, sobre todo en forma de material educativo, productos sanitarios y ayuda alimentaria, han tenido un impacto real en la calidad de vida de nuestros pacientes. Es una ayuda preciosa, humana y comprometida.<\/em><\/p><\/div><\/div><div class=\"lakit-testimonials__name lakit-ttm__n\"><span>Dr. Antoine Dubreuil - hemat\u00f3logo del Hospital Necker de Par\u00eds<\/span><\/div><div class=\"lakit-testimonials__rating\"><span class=\"star-rating\"><span style=\"width: 10%\"><\/span><\/span><\/div><\/div>\n\t<\/div>\n<\/div><div class=\"lakit-testimonials__item lakit-ttm__i  elementor-repeater-item-3d36350 swiper-slide\">\n    \t<div class=\"lakit-testimonials__item-inner lakit-ttm__inner\">\n        \t\t<div class=\"lakit-testimonials__content lakit-ttm__cont\"><div class=\"lakit-testimonials__comment lakit-ttm__com\"><div><p data-prosemirror-content-type=\"node\" data-prosemirror-node-name=\"paragraph\" data-prosemirror-node-block=\"true\" data-pm-slice=\"1 1 []\"><em data-prosemirror-content-type=\"mark\" data-prosemirror-mark-name=\"em\">\"Cuando eres joven, est\u00e1s enfermo y lejos de tu familia, a menudo te sientes solo. La asociaci\u00f3n Le Bien a dit me tendi\u00f3 la mano con un paquete de art\u00edculos de primera necesidad y, sobre todo, con palabras de \u00e1nimo. No son s\u00f3lo suministros: es una cadena de solidaridad que calienta el coraz\u00f3n\".<\/em><\/p><\/div><\/div><div class=\"lakit-testimonials__name lakit-ttm__n\"><span>Mamadou, 23 a\u00f1os, estudiante de Lyon con anemia falciforme<\/span><\/div><div class=\"lakit-testimonials__rating\"><span class=\"star-rating\"><span style=\"width: 100%\"><\/span><\/span><\/div><\/div>\n\t<\/div>\n<\/div><div class=\"lakit-testimonials__item lakit-ttm__i  elementor-repeater-item-0d0fd3a swiper-slide\">\n    \t<div class=\"lakit-testimonials__item-inner lakit-ttm__inner\">\n        \t\t<div class=\"lakit-testimonials__content lakit-ttm__cont\"><div class=\"lakit-testimonials__comment lakit-ttm__com\"><div><p data-prosemirror-content-type=\"node\" data-prosemirror-node-name=\"paragraph\" data-prosemirror-node-block=\"true\" data-pm-slice=\"1 1 []\"><em data-prosemirror-content-type=\"mark\" data-prosemirror-mark-name=\"em\">\"Los ni\u00f1os que cuidamos sufren dolores cr\u00f3nicos. Ver sus caras iluminadas cuando la asociaci\u00f3n lleg\u00f3 con juegos, libros y regalos no tiene precio. Este tipo de iniciativa deber\u00eda existir en todas partes. Gracias a Le Bien a dit por este soplo de aire fresco en nuestra vida m\u00e9dica diaria\".<\/em><\/p><\/div><\/div><div class=\"lakit-testimonials__name lakit-ttm__n\"><span>Sophie, enfermera de hematolog\u00eda pedi\u00e1trica en Lille<\/span><\/div><div class=\"lakit-testimonials__rating\"><span class=\"star-rating\"><span style=\"width: 100%\"><\/span><\/span><\/div><\/div>\n\t<\/div>\n<\/div><div class=\"lakit-testimonials__item lakit-ttm__i  elementor-repeater-item-7cc0289 swiper-slide\">\n    \t<div class=\"lakit-testimonials__item-inner lakit-ttm__inner\">\n        \t\t<div class=\"lakit-testimonials__content lakit-ttm__cont\"><div class=\"lakit-testimonials__comment lakit-ttm__com\"><div><p data-prosemirror-content-type=\"node\" data-prosemirror-node-name=\"paragraph\" data-prosemirror-node-block=\"true\" data-pm-slice=\"1 1 []\"><em data-prosemirror-content-type=\"mark\" data-prosemirror-mark-name=\"em\">\"Mi hija es hospitalizada regularmente por su anemia falciforme. Adem\u00e1s del dolor, sufrimos estr\u00e9s y aislamiento. La ayuda de la asociaci\u00f3n Le Bien a dit ha supuesto una gran diferencia para nosotros: comidas ofrecidas, escucha, ayuda con el transporte... Son las peque\u00f1as cosas las que lo cambian todo. Ya no estamos solos en esta lucha.<\/em><\/p><\/div><\/div><div class=\"lakit-testimonials__name lakit-ttm__n\"><span>Serge, padre de L\u00e9a, 7 a\u00f1os - Par\u00eds<\/span><\/div><div class=\"lakit-testimonials__rating\"><span class=\"star-rating\"><span style=\"width: 100%\"><\/span><\/span><\/div><\/div>\n\t<\/div>\n<\/div>        <\/div>\n    <\/div>\n    <\/div><\/div>\t\t\t\t<\/div>\n\t\t\t\t<\/div>\n\t\t<div class=\"elementor-element elementor-element-5c28ffa e-flex e-con-boxed lakit-col-width-auto-no e-container e-root-container elementor-top-section e-con e-parent\" data-id=\"5c28ffa\" data-element_type=\"container\" data-e-type=\"container\" data-settings=\"{&quot;background_background&quot;:&quot;classic&quot;}\">\n\t\t\t\t\t<div class=\"e-con-inner\">\n\t\t\t\t<div class=\"elementor-element elementor-element-0f73195 elementor-widget elementor-widget-heading\" data-id=\"0f73195\" data-element_type=\"widget\" data-e-type=\"widget\" data-widget_type=\"heading.default\">\n\t\t\t\t<div class=\"elementor-widget-container\">\n\t\t\t\t\t<div class=\"elementor-heading-title elementor-size-default\">#E NECESITAMOS<\/div>\t\t\t\t<\/div>\n\t\t\t\t<\/div>\n\t\t\t\t<div class=\"elementor-element elementor-element-10f9288 elementor-widget__width-initial elementor-widget-tablet__width-initial elementor-widget elementor-widget-heading\" data-id=\"10f9288\" data-element_type=\"widget\" data-e-type=\"widget\" data-widget_type=\"heading.default\">\n\t\t\t\t<div class=\"elementor-widget-container\">\n\t\t\t\t\t<h1 class=\"elementor-heading-title elementor-size-default\">\u00a1\u00danete a esta aventura y pon una sonrisa en tu cara!<\/h1>\t\t\t\t<\/div>\n\t\t\t\t<\/div>\n\t\t\t\t<div class=\"elementor-element elementor-element-d4cfd09 elementor-widget lastudio-kit elementor-lakit-button\" data-id=\"d4cfd09\" data-element_type=\"widget\" data-e-type=\"widget\" data-widget_type=\"lakit-button.default\">\n\t\t\t\t\t        <a href=\"https:\/\/lebienadit.com\/es\/formulaire-dinscription-pour-les-benevoles\/\" rel=\"nofollow\" class=\"elementor-button-link elementor-button elementor-btn-align-icon- elementor-size-lg elementor-animation-wobble-skew\" role=\"button\">\n                    <span class=\"elementor-button-content-wrapper\">\n\t\t\t\t\t\t<span class=\"elementor-button-text\">Voluntario<\/span>\n\t\t<\/span>\n                <\/a>\n        \t\t\t\t<\/div>\n\t\t\t\t\t<\/div>\n\t\t\t\t<\/div>\n\t\t\t\t<\/div>","protected":false},"excerpt":{"rendered":"<p>Sobre nosotros Juntos, rompiendo tab\u00faes, promoviendo la resiliencia. Nuestra asociaci\u00f3n naci\u00f3 de una necesidad muy arraigada: acompa\u00f1ar, informar y apoyar a todos los afectados por la anemia falciforme y otras enfermedades autoinmunes, a menudo poco conocidas y mal comprendidas. Estamos convencidos de que la enfermedad nunca debe aislar a las personas....<\/p>","protected":false},"author":1,"featured_media":0,"parent":0,"menu_order":0,"comment_status":"closed","ping_status":"closed","template":"","meta":{"give_campaign_id":0,"footnotes":""},"class_list":["post-1436","page","type-page","status-publish","hentry"],"campaignId":"","_links":{"self":[{"href":"https:\/\/lebienadit.com\/es\/wp-json\/wp\/v2\/pages\/1436","targetHints":{"allow":["GET"]}}],"collection":[{"href":"https:\/\/lebienadit.com\/es\/wp-json\/wp\/v2\/pages"}],"about":[{"href":"https:\/\/lebienadit.com\/es\/wp-json\/wp\/v2\/types\/page"}],"author":[{"embeddable":true,"href":"https:\/\/lebienadit.com\/es\/wp-json\/wp\/v2\/users\/1"}],"replies":[{"embeddable":true,"href":"https:\/\/lebienadit.com\/es\/wp-json\/wp\/v2\/comments?post=1436"}],"version-history":[{"count":80,"href":"https:\/\/lebienadit.com\/es\/wp-json\/wp\/v2\/pages\/1436\/revisions"}],"predecessor-version":[{"id":4320,"href":"https:\/\/lebienadit.com\/es\/wp-json\/wp\/v2\/pages\/1436\/revisions\/4320"}],"wp:attachment":[{"href":"https:\/\/lebienadit.com\/es\/wp-json\/wp\/v2\/media?parent=1436"}],"curies":[{"name":"wp","href":"https:\/\/api.w.org\/{rel}","templated":true}]}}