{"id":2200,"date":"2024-02-03T03:47:10","date_gmt":"2024-02-03T03:47:10","guid":{"rendered":"https:\/\/goodheart.sva.la-studioweb.com\/?page_id=2200"},"modified":"2025-04-27T19:34:00","modified_gmt":"2025-04-27T17:34:00","slug":"faqs","status":"publish","type":"page","link":"https:\/\/lebienadit.com\/es\/faqs\/","title":{"rendered":"Preguntas frecuentes"},"content":{"rendered":"<div data-elementor-type=\"wp-page\" data-elementor-id=\"2200\" class=\"elementor elementor-2200\">\n\t\t\t\t<div class=\"elementor-element elementor-element-9957c92 e-flex e-con-boxed lakit-col-width-auto-no e-container e-root-container elementor-top-section e-con e-parent\" data-id=\"9957c92\" data-element_type=\"container\" data-e-type=\"container\" data-settings=\"{&quot;background_background&quot;:&quot;classic&quot;,&quot;background_motion_fx_motion_fx_scrolling&quot;:&quot;yes&quot;,&quot;background_motion_fx_translateY_effect&quot;:&quot;yes&quot;,&quot;background_motion_fx_devices&quot;:[&quot;tablet&quot;,&quot;laptop&quot;,&quot;desktop&quot;],&quot;background_motion_fx_translateY_speed&quot;:{&quot;unit&quot;:&quot;px&quot;,&quot;size&quot;:3,&quot;sizes&quot;:[]},&quot;background_motion_fx_translateY_affectedRange&quot;:{&quot;unit&quot;:&quot;%&quot;,&quot;size&quot;:&quot;&quot;,&quot;sizes&quot;:{&quot;start&quot;:20,&quot;end&quot;:80}}}\">\n\t\t\t\t\t<div class=\"e-con-inner\">\n\t\t\t\t<div class=\"elementor-element elementor-element-4664f94 elementor-widget elementor-widget-heading\" data-id=\"4664f94\" data-element_type=\"widget\" data-e-type=\"widget\" data-widget_type=\"heading.default\">\n\t\t\t\t<div class=\"elementor-widget-container\">\n\t\t\t\t\t<h1 class=\"elementor-heading-title elementor-size-default\">Preguntas frecuentes<\/h1>\t\t\t\t<\/div>\n\t\t\t\t<\/div>\n\t\t\t\t<div class=\"elementor-element elementor-element-0c5091a elementor-widget-divider--view-line elementor-widget elementor-widget-divider\" data-id=\"0c5091a\" data-element_type=\"widget\" data-e-type=\"widget\" data-widget_type=\"divider.default\">\n\t\t\t\t<div class=\"elementor-widget-container\">\n\t\t\t\t\t\t\t<div class=\"elementor-divider\">\n\t\t\t<span class=\"elementor-divider-separator\">\n\t\t\t\t\t\t<\/span>\n\t\t<\/div>\n\t\t\t\t\t\t<\/div>\n\t\t\t\t<\/div>\n\t\t\t\t<div class=\"elementor-element elementor-element-43946e1 elementor-widget elementor-widget-text-editor\" data-id=\"43946e1\" data-element_type=\"widget\" data-e-type=\"widget\" data-widget_type=\"text-editor.default\">\n\t\t\t\t<div class=\"elementor-widget-container\">\n\t\t\t\t\t\t\t\t\t<p>En esta secci\u00f3n de preguntas frecuentes encontrar\u00e1 respuesta a algunas de sus dudas.<\/p>\t\t\t\t\t\t\t\t<\/div>\n\t\t\t\t<\/div>\n\t\t\t\t\t<\/div>\n\t\t\t\t<\/div>\n\t\t<div class=\"elementor-element elementor-element-e21bd0f e-flex e-con-boxed lakit-col-width-auto-no e-container e-root-container elementor-top-section e-con e-parent\" data-id=\"e21bd0f\" data-element_type=\"container\" data-e-type=\"container\">\n\t\t\t\t\t<div class=\"e-con-inner\">\n\t\t\t\t<div class=\"elementor-element elementor-element-b89a5a1 elementor-widget elementor-widget-spacer\" data-id=\"b89a5a1\" data-element_type=\"widget\" data-e-type=\"widget\" data-widget_type=\"spacer.default\">\n\t\t\t\t<div class=\"elementor-widget-container\">\n\t\t\t\t\t\t\t<div class=\"elementor-spacer\">\n\t\t\t<div class=\"elementor-spacer-inner\"><\/div>\n\t\t<\/div>\n\t\t\t\t\t\t<\/div>\n\t\t\t\t<\/div>\n\t\t\t\t\t<\/div>\n\t\t\t\t<\/div>\n\t\t<div class=\"elementor-element elementor-element-094869a e-flex e-con-boxed lakit-col-width-auto-no e-container e-root-container elementor-top-section e-con e-parent\" data-id=\"094869a\" data-element_type=\"container\" data-e-type=\"container\">\n\t\t\t\t\t<div class=\"e-con-inner\">\n\t\t\t\t<div class=\"elementor-element elementor-element-f86c59a elementor-widget elementor-widget-text-editor\" data-id=\"f86c59a\" data-element_type=\"widget\" data-e-type=\"widget\" data-widget_type=\"text-editor.default\">\n\t\t\t\t<div class=\"elementor-widget-container\">\n\t\t\t\t\t\t\t\t\t<h4 class=\"\" data-start=\"315\" data-end=\"360\"><strong data-start=\"322\" data-end=\"358\">\u00bfQu\u00e9 es la drepanocitosis?<\/strong><\/h4><p class=\"\" data-start=\"361\" data-end=\"612\">La anemia falciforme es un trastorno gen\u00e9tico de la sangre que afecta a la hemoglobina. Los gl\u00f3bulos rojos adoptan una forma anormal (falciformes), lo que puede obstruir la circulaci\u00f3n sangu\u00ednea y causar dolor, infecciones y anemia cr\u00f3nica.<\/p><hr class=\"\" data-start=\"614\" data-end=\"617\" \/><h4 class=\"\" data-start=\"619\" data-end=\"675\"><strong data-start=\"626\" data-end=\"673\">\u00bfA qui\u00e9n puede afectar la drepanocitosis?<\/strong><\/h4><p class=\"\" data-start=\"676\" data-end=\"891\">Afecta principalmente a personas de \u00c1frica, el Caribe, Oriente Pr\u00f3ximo, India y algunas regiones de Sudam\u00e9rica. Se hereda de ambos progenitores portadores del gen.<\/p><hr class=\"\" data-start=\"893\" data-end=\"896\" \/><h4 class=\"\" data-start=\"898\" data-end=\"954\"><strong data-start=\"905\" data-end=\"952\">\u00bfC\u00f3mo s\u00e9 si soy portador del gen?<\/strong><\/h4><p class=\"\" data-start=\"955\" data-end=\"1101\">Un sencillo an\u00e1lisis de sangre puede detectar la presencia del gen de la drepanocitosis. Esta prueba se recomienda antes del embarazo o en familias de riesgo.<\/p><hr class=\"\" data-start=\"1103\" data-end=\"1106\" \/><h4 class=\"\" data-start=\"1108\" data-end=\"1167\"><strong data-start=\"1115\" data-end=\"1165\">\u00bfCu\u00e1les son los s\u00edntomas de la drepanocitosis?<\/strong><\/h4><p class=\"\" data-start=\"1168\" data-end=\"1201\">Los s\u00edntomas comunes incluyen:<\/p><ul data-start=\"1202\" data-end=\"1337\"><li class=\"\" data-start=\"1202\" data-end=\"1257\"><p class=\"\" data-start=\"1204\" data-end=\"1257\">Crisis dolorosas (conocidas como crisis vaso-oclusivas)<\/p><\/li><li class=\"\" data-start=\"1258\" data-end=\"1266\"><p class=\"\" data-start=\"1260\" data-end=\"1266\">Anemia<\/p><\/li><li class=\"\" data-start=\"1267\" data-end=\"1276\"><p class=\"\" data-start=\"1269\" data-end=\"1276\">Fatiga<\/p><\/li><li class=\"\" data-start=\"1277\" data-end=\"1300\"><p class=\"\" data-start=\"1279\" data-end=\"1300\">Infecciones frecuentes<\/p><\/li><li class=\"\" data-start=\"1301\" data-end=\"1337\"><p class=\"\" data-start=\"1303\" data-end=\"1337\">Retraso del crecimiento en ni\u00f1os<\/p><\/li><\/ul><hr class=\"\" data-start=\"1339\" data-end=\"1342\" \/><h4 class=\"\" data-start=\"1344\" data-end=\"1384\"><strong data-start=\"1351\" data-end=\"1382\">\u00bfHay alg\u00fan tratamiento?<\/strong><\/h4><p class=\"\" data-start=\"1385\" data-end=\"1488\">No existe cura para todos los pacientes, pero la enfermedad puede controlarse mediante :<\/p><ul data-start=\"1489\" data-end=\"1634\"><li class=\"\" data-start=\"1489\" data-end=\"1528\"><p class=\"\" data-start=\"1491\" data-end=\"1528\">Medicamentos (como hidroxiurea)<\/p><\/li><li class=\"\" data-start=\"1529\" data-end=\"1557\"><p class=\"\" data-start=\"1531\" data-end=\"1557\">Transfusiones de sangre<\/p><\/li><li class=\"\" data-start=\"1558\" data-end=\"1606\"><p class=\"\" data-start=\"1560\" data-end=\"1606\">Un trasplante de m\u00e9dula \u00f3sea en determinados casos<\/p><\/li><li class=\"\" data-start=\"1607\" data-end=\"1634\"><p class=\"\" data-start=\"1609\" data-end=\"1634\">Revisiones m\u00e9dicas peri\u00f3dicas<\/p><\/li><\/ul><hr class=\"\" data-start=\"1636\" data-end=\"1639\" \/><h4 class=\"\" data-start=\"1641\" data-end=\"1693\"><strong data-start=\"1648\" data-end=\"1691\">\u00bfCu\u00e1les son los objetivos de su ONG?<\/strong><\/h4><p class=\"\" data-start=\"1694\" data-end=\"1716\">Nuestra ONG trabaja para :<\/p><ul data-start=\"1717\" data-end=\"1921\"><li class=\"\" data-start=\"1717\" data-end=\"1750\"><p class=\"\" data-start=\"1719\" data-end=\"1750\">Sensibilizaci\u00f3n sobre la drepanocitosis<\/p><\/li><li class=\"\" data-start=\"1751\" data-end=\"1794\"><p class=\"\" data-start=\"1753\" data-end=\"1794\">Apoyo a los pacientes y sus familias<\/p><\/li><li class=\"\" data-start=\"1795\" data-end=\"1827\"><p class=\"\" data-start=\"1797\" data-end=\"1827\">Promover la detecci\u00f3n precoz<\/p><\/li><li class=\"\" data-start=\"1828\" data-end=\"1864\"><p class=\"\" data-start=\"1830\" data-end=\"1864\">Formaci\u00f3n de profesionales sanitarios<\/p><\/li><li class=\"\" data-start=\"1865\" data-end=\"1921\"><p class=\"\" data-start=\"1867\" data-end=\"1921\">Financiaci\u00f3n de proyectos de investigaci\u00f3n y acceso a la sanidad<\/p><\/li><\/ul><hr class=\"\" data-start=\"1923\" data-end=\"1926\" \/><h4 class=\"\" data-start=\"1928\" data-end=\"1972\"><strong data-start=\"1935\" data-end=\"1970\">\u00bfC\u00f3mo puedo ayudarle?<\/strong><\/h4><p class=\"\" data-start=\"1973\" data-end=\"2017\">Hay varias formas de ayudarnos:<\/p><ul data-start=\"2018\" data-end=\"2146\"><li class=\"\" data-start=\"2018\" data-end=\"2032\"><p class=\"\" data-start=\"2020\" data-end=\"2032\">Hacer un donativo<\/p><\/li><li class=\"\" data-start=\"2033\" data-end=\"2051\"><p class=\"\" data-start=\"2035\" data-end=\"2051\">Hazte voluntario<\/p><\/li><li class=\"\" data-start=\"2052\" data-end=\"2099\"><p class=\"\" data-start=\"2054\" data-end=\"2099\">Participe en nuestras campa\u00f1as de sensibilizaci\u00f3n<\/p><\/li><li class=\"\" data-start=\"2100\" data-end=\"2146\"><p class=\"\" data-start=\"2102\" data-end=\"2146\">Transmitir nuestros mensajes en las redes sociales<\/p><\/li><\/ul><hr class=\"\" data-start=\"2148\" data-end=\"2151\" \/><h4 class=\"\" data-start=\"2153\" data-end=\"2198\"><strong data-start=\"2160\" data-end=\"2196\">\u00bfD\u00f3nde est\u00e1n ubicadas sus operaciones?<\/strong><\/h4><p class=\"\" data-start=\"2199\" data-end=\"2397\">Operamos principalmente en zonas con alta prevalencia de drepanocitosis: \u00c1frica subsahariana, las Antillas, Europa (sobre todo Francia) y algunas regiones de Asia y Oriente Medio.<\/p><hr class=\"\" data-start=\"2399\" data-end=\"2402\" \/><h4 class=\"\" data-start=\"2404\" data-end=\"2461\"><strong data-start=\"2411\" data-end=\"2459\">\u00bfC\u00f3mo puedo beneficiarme de su ayuda?<\/strong><\/h4><p class=\"\" data-start=\"2462\" data-end=\"2526\">Si est\u00e1 enfermo o es padre de un ni\u00f1o afectado, puede :<\/p><ul data-start=\"2527\" data-end=\"2715\"><li class=\"\" data-start=\"2527\" data-end=\"2579\"><p class=\"\" data-start=\"2529\" data-end=\"2579\">Rellene nuestro formulario de asistencia en l\u00ednea<\/p><\/li><li class=\"\" data-start=\"2580\" data-end=\"2647\"><p class=\"\" data-start=\"2582\" data-end=\"2647\">P\u00f3ngase en contacto con nosotros directamente por tel\u00e9fono, correo electr\u00f3nico o redes sociales<\/p><\/li><li class=\"\" data-start=\"2648\" data-end=\"2715\"><p class=\"\" data-start=\"2650\" data-end=\"2715\">Participe en nuestros talleres informativos y grupos de apoyo<\/p><\/li><\/ul><hr class=\"\" data-start=\"2717\" data-end=\"2720\" \/><h4 class=\"\" data-start=\"2722\" data-end=\"2777\"><strong data-start=\"2729\" data-end=\"2775\">\u00bfRealiza campa\u00f1as de detecci\u00f3n?<\/strong><\/h4><p class=\"\" data-start=\"2778\" data-end=\"2967\">S\u00ed, organizamos peri\u00f3dicamente campa\u00f1as gratuitas o a precio reducido en colegios, centros de salud y zonas rurales. Mantente al d\u00eda a trav\u00e9s de nuestra web o nuestras p\u00e1ginas sociales.<\/p><hr class=\"\" data-start=\"2969\" data-end=\"2972\" \/><h4 class=\"\" data-start=\"2974\" data-end=\"3035\"><strong data-start=\"2981\" data-end=\"3033\">\u00bfC\u00f3mo puedo enterarme de sus pr\u00f3ximas acciones?<\/strong><\/h4><p class=\"\" data-start=\"3036\" data-end=\"3202\">Suscr\u00edbase a nuestro <strong data-start=\"3059\" data-end=\"3073\">bolet\u00edn<\/strong> o s\u00edganos en <strong data-start=\"3093\" data-end=\"3137\">Facebook, Instagram, Twitter y LinkedIn<\/strong> para no perderte ninguna de nuestras noticias, eventos y campa\u00f1as.<\/p>\t\t\t\t\t\t\t\t<\/div>\n\t\t\t\t<\/div>\n\t\t\t\t\t<\/div>\n\t\t\t\t<\/div>\n\t\t\t\t<\/div>","protected":false},"excerpt":{"rendered":"<p>FAQ&#8217;s Dans cette foire aux questions vous trouverez des r\u00e9ponses \u00e0 quelques unes de vos interrogations. Qu\u2019est-ce que la dr\u00e9panocytose ? La dr\u00e9panocytose est une maladie g\u00e9n\u00e9tique du sang qui affecte l\u2019h\u00e9moglobine. Les globules rouges prennent une forme anormale (en faucille), ce qui peut bloquer la circulation sanguine et provoquer des&hellip;<\/p>","protected":false},"author":1,"featured_media":0,"parent":0,"menu_order":0,"comment_status":"closed","ping_status":"closed","template":"","meta":{"give_campaign_id":0,"footnotes":""},"class_list":["post-2200","page","type-page","status-publish","hentry"],"campaignId":"","_links":{"self":[{"href":"https:\/\/lebienadit.com\/es\/wp-json\/wp\/v2\/pages\/2200","targetHints":{"allow":["GET"]}}],"collection":[{"href":"https:\/\/lebienadit.com\/es\/wp-json\/wp\/v2\/pages"}],"about":[{"href":"https:\/\/lebienadit.com\/es\/wp-json\/wp\/v2\/types\/page"}],"author":[{"embeddable":true,"href":"https:\/\/lebienadit.com\/es\/wp-json\/wp\/v2\/users\/1"}],"replies":[{"embeddable":true,"href":"https:\/\/lebienadit.com\/es\/wp-json\/wp\/v2\/comments?post=2200"}],"version-history":[{"count":17,"href":"https:\/\/lebienadit.com\/es\/wp-json\/wp\/v2\/pages\/2200\/revisions"}],"predecessor-version":[{"id":4000,"href":"https:\/\/lebienadit.com\/es\/wp-json\/wp\/v2\/pages\/2200\/revisions\/4000"}],"wp:attachment":[{"href":"https:\/\/lebienadit.com\/es\/wp-json\/wp\/v2\/media?parent=2200"}],"curies":[{"name":"wp","href":"https:\/\/api.w.org\/{rel}","templated":true}]}}