{"id":2265,"date":"2024-02-03T04:34:43","date_gmt":"2024-02-03T04:34:43","guid":{"rendered":"https:\/\/goodheart.sva.la-studioweb.com\/?page_id=2265"},"modified":"2025-06-07T11:47:47","modified_gmt":"2025-06-07T09:47:47","slug":"notre-team","status":"publish","type":"page","link":"https:\/\/lebienadit.com\/es\/notre-team\/","title":{"rendered":"Nuestro EQUIPO"},"content":{"rendered":"<div data-elementor-type=\"wp-page\" data-elementor-id=\"2265\" class=\"elementor elementor-2265\">\n\t\t\t\t<div class=\"elementor-element elementor-element-1062856 e-flex e-con-boxed lakit-col-width-auto-no e-container e-root-container elementor-top-section e-con e-parent\" data-id=\"1062856\" data-element_type=\"container\" data-e-type=\"container\" data-settings=\"{&quot;background_background&quot;:&quot;classic&quot;,&quot;background_motion_fx_motion_fx_scrolling&quot;:&quot;yes&quot;,&quot;background_motion_fx_translateY_effect&quot;:&quot;yes&quot;,&quot;background_motion_fx_devices&quot;:[&quot;tablet&quot;,&quot;laptop&quot;,&quot;desktop&quot;],&quot;background_motion_fx_translateY_speed&quot;:{&quot;unit&quot;:&quot;px&quot;,&quot;size&quot;:3,&quot;sizes&quot;:[]},&quot;background_motion_fx_translateY_affectedRange&quot;:{&quot;unit&quot;:&quot;%&quot;,&quot;size&quot;:&quot;&quot;,&quot;sizes&quot;:{&quot;start&quot;:20,&quot;end&quot;:80}}}\">\n\t\t\t\t\t<div class=\"e-con-inner\">\n\t\t\t\t<div class=\"elementor-element elementor-element-46abe3c elementor-widget elementor-widget-heading\" data-id=\"46abe3c\" data-element_type=\"widget\" data-e-type=\"widget\" data-widget_type=\"heading.default\">\n\t\t\t\t<div class=\"elementor-widget-container\">\n\t\t\t\t\t<h1 class=\"elementor-heading-title elementor-size-default\">NuestroEquipo<\/h1>\t\t\t\t<\/div>\n\t\t\t\t<\/div>\n\t\t\t\t<div class=\"elementor-element elementor-element-05656ca elementor-widget-divider--view-line elementor-widget elementor-widget-divider\" data-id=\"05656ca\" data-element_type=\"widget\" data-e-type=\"widget\" data-widget_type=\"divider.default\">\n\t\t\t\t<div class=\"elementor-widget-container\">\n\t\t\t\t\t\t\t<div class=\"elementor-divider\">\n\t\t\t<span class=\"elementor-divider-separator\">\n\t\t\t\t\t\t<\/span>\n\t\t<\/div>\n\t\t\t\t\t\t<\/div>\n\t\t\t\t<\/div>\n\t\t\t\t\t<\/div>\n\t\t\t\t<\/div>\n\t\t<div class=\"elementor-element elementor-element-580947c e-flex e-con-boxed lakit-col-width-auto-no e-container e-root-container elementor-top-section e-con e-parent\" data-id=\"580947c\" data-element_type=\"container\" data-e-type=\"container\">\n\t\t\t\t\t<div class=\"e-con-inner\">\n\t\t\t\t<div class=\"elementor-element elementor-element-62f2ae0 elementor-widget elementor-widget-spacer\" data-id=\"62f2ae0\" data-element_type=\"widget\" data-e-type=\"widget\" data-widget_type=\"spacer.default\">\n\t\t\t\t<div class=\"elementor-widget-container\">\n\t\t\t\t\t\t\t<div class=\"elementor-spacer\">\n\t\t\t<div class=\"elementor-spacer-inner\"><\/div>\n\t\t<\/div>\n\t\t\t\t\t\t<\/div>\n\t\t\t\t<\/div>\n\t\t\t\t\t<\/div>\n\t\t\t\t<\/div>\n\t\t<div class=\"elementor-element elementor-element-716dfa0 e-flex e-con-boxed lakit-col-width-auto-no e-container e-root-container elementor-top-section e-con e-parent\" data-id=\"716dfa0\" data-element_type=\"container\" data-e-type=\"container\">\n\t\t\t\t\t<div class=\"e-con-inner\">\n\t\t\t\t<div class=\"elementor-element elementor-element-2462429 elementor-widget lastudio-kit elementor-lakit-team-member\" data-id=\"2462429\" data-element_type=\"widget\" data-e-type=\"widget\" data-widget_type=\"lakit-team-member.default\">\n\t\t\t\t\t\n<div id=\"tm_2462429\" class=\"lakit-team-member layout-type-grid preset-type-2\">\n        <div class=\"lakit-team-member__list_wrapper\">\n        <div class=\"lakit-team-member__list active-object-fit col-row\" data-item_selector=\".lakit-team-member__item\">\n                                <div class=\"lakit-team-member__item col-desk-3 col-lap-3 col-tab-3 col-tabp-3\">\n                        <div class=\"lakit-team-member__inner-box\">\n                            <div class=\"lakit-team-member__inner\">\n                                <div class=\"lakit-team-member__image_wrap\">\n                                    <div class=\"lakit-team-member__link\"><figure class=\"figure__object_fit lakit-team-member__image\"><img fetchpriority=\"high\" decoding=\"async\" width=\"1066\" height=\"1600\" src=\"https:\/\/lebienadit.com\/wp-content\/uploads\/2025\/04\/WhatsApp-Image-2025-04-02-at-00.51.58.jpeg\" class=\"lakit-team-member__image-instance wp-post-image attachment-full size-full wp-image-3790\" alt=\"\" srcset=\"https:\/\/lebienadit.com\/wp-content\/uploads\/2025\/04\/WhatsApp-Image-2025-04-02-at-00.51.58.jpeg 1066w, https:\/\/lebienadit.com\/wp-content\/uploads\/2025\/04\/WhatsApp-Image-2025-04-02-at-00.51.58-1023x1536.jpeg 1023w\" sizes=\"(max-width: 1066px) 100vw, 1066px\" \/><\/figure><\/div><div class=\"lakit-team-member__cover\"><div class=\"lakit-team-member__socials\"><div class=\"item--social member-social\"><a href=\"https:\/\/www.facebook.com\/\" title=\"Facebook\" class=\"social-facebook facebook\"><i class=\"lastudioicon-b-facebook\"><\/i><\/a><a href=\"https:\/\/twitter.com\/\" title=\"Twitter\" class=\"social-twitter twitter\"><i class=\"lastudioicon-b-twitter-x\"><\/i><\/a><a href=\"https:\/\/linkedin.com\/\" title=\"LinkedIn\" class=\"social-linkedin linkedin\"><i class=\"lastudioicon-b-linkedin\"><\/i><\/a><a href=\"https:\/\/instagram.com\/\" title=\"Instagram\" class=\"social-instagram instagram\"><i class=\"lastudioicon-b-instagram\"><\/i><\/a><\/div><\/div><\/div>                                <\/div>\n                                <div class=\"lakit-team-member__content\">\n                                        <h3 class=\"lakit-team-member__name\"><div >Aziliz<\/div><\/h3><div class=\"lakit-team-member__position\"><span>Fundador<\/span><\/div>                                <\/div>\n                            <\/div>\n                        <\/div>\n                    <\/div>\n                                        <div class=\"lakit-team-member__item col-desk-3 col-lap-3 col-tab-3 col-tabp-3\">\n                        <div class=\"lakit-team-member__inner-box\">\n                            <div class=\"lakit-team-member__inner\">\n                                <div class=\"lakit-team-member__image_wrap\">\n                                    <div class=\"lakit-team-member__link\"><figure class=\"figure__object_fit lakit-team-member__image\"><img decoding=\"async\" width=\"1491\" height=\"1728\" src=\"https:\/\/lebienadit.com\/wp-content\/uploads\/2025\/06\/PHOTO-2025-06-07-07-29-01.jpg\" class=\"lakit-team-member__image-instance wp-post-image attachment-full size-full wp-image-4295\" alt=\"\" srcset=\"https:\/\/lebienadit.com\/wp-content\/uploads\/2025\/06\/PHOTO-2025-06-07-07-29-01.jpg 1491w, https:\/\/lebienadit.com\/wp-content\/uploads\/2025\/06\/PHOTO-2025-06-07-07-29-01-1325x1536.jpg 1325w\" sizes=\"(max-width: 1491px) 100vw, 1491px\" \/><\/figure><\/div><div class=\"lakit-team-member__cover\"><div class=\"lakit-team-member__socials\"><div class=\"item--social member-social\"><a href=\"https:\/\/www.facebook.com\/\" title=\"Facebook\" class=\"social-facebook facebook\"><i class=\"lastudioicon-b-facebook\"><\/i><\/a><a href=\"https:\/\/twitter.com\/\" title=\"Twitter\" class=\"social-twitter twitter\"><i class=\"lastudioicon-b-twitter-x\"><\/i><\/a><a href=\"https:\/\/linkedin.com\/\" title=\"LinkedIn\" class=\"social-linkedin linkedin\"><i class=\"lastudioicon-b-linkedin\"><\/i><\/a><a href=\"https:\/\/instagram.com\/\" title=\"Instagram\" class=\"social-instagram instagram\"><i class=\"lastudioicon-b-instagram\"><\/i><\/a><\/div><\/div><\/div>                                <\/div>\n                                <div class=\"lakit-team-member__content\">\n                                        <h3 class=\"lakit-team-member__name\"><div >Pilipili Cecile<\/div><\/h3><div class=\"lakit-team-member__position\"><span>Vicepresidente<\/span><\/div>                                <\/div>\n                            <\/div>\n                        <\/div>\n                    <\/div>\n                            <\/div>\n    <\/div>\n    <\/div>\t\t\t\t<\/div>\n\t\t\t\t<div class=\"elementor-element elementor-element-26e138d elementor-align-justify elementor-widget lastudio-kit elementor-lakit-button\" data-id=\"26e138d\" data-element_type=\"widget\" data-e-type=\"widget\" data-widget_type=\"lakit-button.default\">\n\t\t\t\t\t        <a href=\"https:\/\/lebienadit.com\/es\/formulaire-dinscription-pour-les-benevoles\/\" class=\"elementor-button-link elementor-button elementor-btn-align-icon- elementor-size-sm elementor-animation-wobble-skew\" role=\"button\">\n                    <span class=\"elementor-button-content-wrapper\">\n\t\t\t\t\t\t<span class=\"elementor-button-text\">Voluntario<\/span>\n\t\t<\/span>\n                <\/a>\n        \t\t\t\t<\/div>\n\t\t\t\t\t<\/div>\n\t\t\t\t<\/div>\n\t\t\t\t<\/div>","protected":false},"excerpt":{"rendered":"<p>NotreTeam Aziliz Fondatrice Pilipili Cecile Vice Pr\u00e9sidente D\u00e9v\u00e9nir B\u00e9n\u00e9vole<\/p>","protected":false},"author":1,"featured_media":0,"parent":0,"menu_order":0,"comment_status":"closed","ping_status":"closed","template":"","meta":{"give_campaign_id":0,"footnotes":""},"class_list":["post-2265","page","type-page","status-publish","hentry"],"campaignId":"","_links":{"self":[{"href":"https:\/\/lebienadit.com\/es\/wp-json\/wp\/v2\/pages\/2265","targetHints":{"allow":["GET"]}}],"collection":[{"href":"https:\/\/lebienadit.com\/es\/wp-json\/wp\/v2\/pages"}],"about":[{"href":"https:\/\/lebienadit.com\/es\/wp-json\/wp\/v2\/types\/page"}],"author":[{"embeddable":true,"href":"https:\/\/lebienadit.com\/es\/wp-json\/wp\/v2\/users\/1"}],"replies":[{"embeddable":true,"href":"https:\/\/lebienadit.com\/es\/wp-json\/wp\/v2\/comments?post=2265"}],"version-history":[{"count":17,"href":"https:\/\/lebienadit.com\/es\/wp-json\/wp\/v2\/pages\/2265\/revisions"}],"predecessor-version":[{"id":4359,"href":"https:\/\/lebienadit.com\/es\/wp-json\/wp\/v2\/pages\/2265\/revisions\/4359"}],"wp:attachment":[{"href":"https:\/\/lebienadit.com\/es\/wp-json\/wp\/v2\/media?parent=2265"}],"curies":[{"name":"wp","href":"https:\/\/api.w.org\/{rel}","templated":true}]}}