{"id":3986,"date":"2025-04-27T18:47:56","date_gmt":"2025-04-27T16:47:56","guid":{"rendered":"https:\/\/lebienadit.com\/?page_id=3986"},"modified":"2025-06-07T10:35:21","modified_gmt":"2025-06-07T08:35:21","slug":"politiques-de-dons","status":"publish","type":"page","link":"https:\/\/lebienadit.com\/es\/politiques-de-dons\/","title":{"rendered":"Pol\u00edtica de donaciones"},"content":{"rendered":"<div data-elementor-type=\"wp-page\" data-elementor-id=\"3986\" class=\"elementor elementor-3986\">\n\t\t\t\t<div class=\"elementor-element elementor-element-c07532f e-flex e-con-boxed lakit-col-width-auto-no e-container e-root-container elementor-top-section e-con e-parent\" data-id=\"c07532f\" data-element_type=\"container\" data-e-type=\"container\">\n\t\t\t\t\t<div class=\"e-con-inner\">\n\t\t\t\t<div class=\"elementor-element elementor-element-4dee62b elementor-widget elementor-widget-heading\" data-id=\"4dee62b\" data-element_type=\"widget\" data-e-type=\"widget\" data-widget_type=\"heading.default\">\n\t\t\t\t<div class=\"elementor-widget-container\">\n\t\t\t\t\t<h1 class=\"elementor-heading-title elementor-size-default\">Pol\u00edtica de donaciones<\/h1>\t\t\t\t<\/div>\n\t\t\t\t<\/div>\n\t\t\t\t<div class=\"elementor-element elementor-element-3f6d460 elementor-widget-divider--view-line elementor-widget elementor-widget-divider\" data-id=\"3f6d460\" data-element_type=\"widget\" data-e-type=\"widget\" data-widget_type=\"divider.default\">\n\t\t\t\t<div class=\"elementor-widget-container\">\n\t\t\t\t\t\t\t<div class=\"elementor-divider\">\n\t\t\t<span class=\"elementor-divider-separator\">\n\t\t\t\t\t\t<\/span>\n\t\t<\/div>\n\t\t\t\t\t\t<\/div>\n\t\t\t\t<\/div>\n\t\t\t\t<div class=\"elementor-element elementor-element-8f981f5 elementor-widget elementor-widget-text-editor\" data-id=\"8f981f5\" data-element_type=\"widget\" data-e-type=\"widget\" data-widget_type=\"text-editor.default\">\n\t\t\t\t<div class=\"elementor-widget-container\">\n\t\t\t\t\t\t\t\t\t<h3><span style=\"color: #ff5f6b;\"><strong>1. Introducci\u00f3n<\/strong><\/span><\/h3><p class=\"p1\">Le Bien a Dit es una organizaci\u00f3n no gubernamental sin \u00e1nimo de lucro comprometida en la lucha contra la anemia falciforme y las enfermedades autoinmunes. Nuestra misi\u00f3n es mejorar las condiciones de vida de los pacientes, sensibilizar a la opini\u00f3n p\u00fablica, investigar y apoyar a las familias. Para llevar a cabo nuestro trabajo, dependemos de la generosidad de nuestros donantes.<\/p><p class=\"p1\">El objetivo de esta pol\u00edtica es proporcionar un marco para las donaciones que recibimos, garantizar la transparencia y reforzar la confianza de nuestros socios y donantes.<\/p><h2><span style=\"color: #ff5f6b;\"><strong>2. Tipos de donaciones aceptadas<\/strong><\/span><\/h2><p class=\"p1\">Le Bien a Dit acepta las siguientes donaciones:<\/p><ul><li class=\"p1\">Donaciones financieras: por transferencia bancaria, tarjeta de cr\u00e9dito, cheque o efectivo (dentro de los l\u00edmites legales).<\/li><li class=\"p1\">Donaciones materiales: equipos m\u00e9dicos, art\u00edculos de primera necesidad, material de sensibilizaci\u00f3n, etc.<\/li><li class=\"p1\">Donaciones de servicios o competencias: patrocinio de competencias, servicios profesionales voluntarios.<\/li><li class=\"p1\">Donaciones peri\u00f3dicas o puntuales: a conveniencia del donante.<\/li><\/ul><h2 class=\"p1\"><span style=\"color: #ff5f6b;\"><strong>3. Uso de las donaciones<\/strong><\/span><\/h2><p class=\"p1\">Las donaciones recaudadas se asignan de forma transparente a las siguientes acciones:<\/p><ul><li class=\"p1\">Sensibilizar y educar a la poblaci\u00f3n sobre la anemia falciforme y las enfermedades autoinmunes.<\/li><li class=\"p1\">Apoyo a los pacientes y sus familias (apoyo psicol\u00f3gico, social y m\u00e9dico).<\/li><li class=\"p1\">Financiaci\u00f3n de la investigaci\u00f3n m\u00e9dica.<\/li><li class=\"p1\">Organizaci\u00f3n de actos, campa\u00f1as de detecci\u00f3n y labores de promoci\u00f3n.<\/li><li class=\"p1\">Gastos de funcionamiento relacionados con la gesti\u00f3n de la ONG de acuerdo con el principio de eficiencia.<\/li><\/ul><p class=\"p1\">Le Bien a Dit se compromete a no hacer un mal uso de los fondos asignados y a respetar los deseos de los donantes en el caso de donaciones destinadas a un proyecto espec\u00edfico.<\/p><h2 class=\"p1\"><span style=\"color: #ff5f6b;\"><strong>4. Transparencia y trazabilidad<\/strong><\/span><\/h2><p class=\"p1\">Se agradece cada donaci\u00f3n. Un informe anual de actividades y un balance financiero est\u00e1n disponibles previa solicitud o se publican en nuestros canales oficiales. Permiten a todos los donantes comprobar c\u00f3mo se han utilizado los fondos.<\/p><h2 class=\"p1\"><span style=\"color: #ff5f6b;\">5. Confidencialidad de los donantes<\/span><\/h2><p class=\"p1\">Le Bien a Dit respeta la confidencialidad de la informaci\u00f3n personal y financiera de sus donantes. Ninguna informaci\u00f3n se vende, alquila o comparte con terceros sin consentimiento expl\u00edcito.<\/p><h2 class=\"p1\"><strong><span style=\"color: #ff5f6b;\">6. Agradecimiento de donaciones<\/span><\/strong><\/h2><p class=\"p1\">A menos que se solicite lo contrario, los donantes pueden ser mencionados en nuestras publicaciones (sitio web, redes sociales, informes anuales) para agradecerles su compromiso.<\/p><h2 class=\"p1\"><span style=\"color: #ff5f6b;\">7. Rechazo de donaciones<\/span><\/h2><p class=\"p1\">Le Bien a Dit se reserva el derecho a rechazar cualquier donaci\u00f3n:<\/p><ul><li class=\"p1\">De fuentes contrarias a nuestros valores (tr\u00e1fico, actividades ilegales, explotaci\u00f3n, etc.).<\/li><li class=\"p1\">Combinado con una expectativa de algo a cambio que compromete nuestra \u00e9tica.<\/li><li class=\"p1\">Cuyo origen o condiciones de uso puedan da\u00f1ar la reputaci\u00f3n de la ONG.<\/li><\/ul><h2 class=\"p1\"><span style=\"color: #ff5f6b;\">8. Contacto e informaci\u00f3n<\/span><\/h2><p class=\"p1\">Si tiene alguna pregunta sobre una donaci\u00f3n o nuestra pol\u00edtica de transparencia, p\u00f3ngase en contacto con nosotros en <a href=\"mailto:lebienadit@gmail.com\"><strong><span style=\"color: #ff5f6b;\">lebienadit@gmail.com<\/span><\/strong><\/a><\/p>\t\t\t\t\t\t\t\t<\/div>\n\t\t\t\t<\/div>\n\t\t\t\t\t<\/div>\n\t\t\t\t<\/div>\n\t\t\t\t<\/div>","protected":false},"excerpt":{"rendered":"<p>Politique de dons 1. Introduction Le Bien a Dit est une organisation non gouvernementale \u00e0 but non lucratif engag\u00e9e dans la lutte contre la dr\u00e9panocytose et les maladies auto-immunes. Notre mission repose sur l\u2019am\u00e9lioration des conditions de vie des patients, la sensibilisation du grand public, la recherche, ainsi que l\u2019accompagnement des&hellip;<\/p>","protected":false},"author":1,"featured_media":0,"parent":0,"menu_order":0,"comment_status":"closed","ping_status":"closed","template":"templates\/fullwidth.php","meta":{"give_campaign_id":0,"footnotes":""},"class_list":["post-3986","page","type-page","status-publish","hentry"],"campaignId":"","_links":{"self":[{"href":"https:\/\/lebienadit.com\/es\/wp-json\/wp\/v2\/pages\/3986","targetHints":{"allow":["GET"]}}],"collection":[{"href":"https:\/\/lebienadit.com\/es\/wp-json\/wp\/v2\/pages"}],"about":[{"href":"https:\/\/lebienadit.com\/es\/wp-json\/wp\/v2\/types\/page"}],"author":[{"embeddable":true,"href":"https:\/\/lebienadit.com\/es\/wp-json\/wp\/v2\/users\/1"}],"replies":[{"embeddable":true,"href":"https:\/\/lebienadit.com\/es\/wp-json\/wp\/v2\/comments?post=3986"}],"version-history":[{"count":10,"href":"https:\/\/lebienadit.com\/es\/wp-json\/wp\/v2\/pages\/3986\/revisions"}],"predecessor-version":[{"id":4335,"href":"https:\/\/lebienadit.com\/es\/wp-json\/wp\/v2\/pages\/3986\/revisions\/4335"}],"wp:attachment":[{"href":"https:\/\/lebienadit.com\/es\/wp-json\/wp\/v2\/media?parent=3986"}],"curies":[{"name":"wp","href":"https:\/\/api.w.org\/{rel}","templated":true}]}}